{"id":44,"date":"2022-01-04T18:12:19","date_gmt":"2022-01-04T18:12:19","guid":{"rendered":"https:\/\/www.beach-villa-sportfishing.com\/wordpress\/?page_id=44"},"modified":"2024-10-06T14:05:47","modified_gmt":"2024-10-06T14:05:47","slug":"buchen-sie-ihren-urlaub-auf-den-seychellen-in-der-beach-villa","status":"publish","type":"page","link":"https:\/\/www.beach-villa-sportfishing.com\/index.php\/de\/buchen-sie-ihren-urlaub-auf-den-seychellen-in-der-beach-villa\/","title":{"rendered":"Buchen"},"content":{"rendered":"\t\t<div data-elementor-type=\"wp-page\" data-elementor-id=\"44\" class=\"elementor elementor-44\">\n\t\t\t\t\t\t<section class=\"elementor-section elementor-top-section elementor-element elementor-element-4b6d0de elementor-section-full_width elementor-section-height-default elementor-section-height-default\" data-id=\"4b6d0de\" data-element_type=\"section\">\n\t\t\t\t\t\t<div class=\"elementor-container elementor-column-gap-default\">\n\t\t\t\t\t<div class=\"elementor-column elementor-col-100 elementor-top-column elementor-element elementor-element-21f81e9\" data-id=\"21f81e9\" data-element_type=\"column\">\n\t\t\t<div class=\"elementor-widget-wrap elementor-element-populated\">\n\t\t\t\t\t\t<div class=\"elementor-element elementor-element-0de696c elementor-widget elementor-widget-image\" data-id=\"0de696c\" data-element_type=\"widget\" data-widget_type=\"image.default\">\n\t\t\t\t<div class=\"elementor-widget-container\">\n\t\t\t\t\t\t\t\t\t\t\t\t\t<img fetchpriority=\"high\" decoding=\"async\" width=\"1200\" height=\"376\" src=\"https:\/\/www.beach-villa-sportfishing.com\/wp-content\/uploads\/2023\/02\/buchen.jpg\" class=\"attachment-large size-large wp-image-2494\" alt=\"\" srcset=\"https:\/\/www.beach-villa-sportfishing.com\/wp-content\/uploads\/2023\/02\/buchen.jpg 1900w, https:\/\/www.beach-villa-sportfishing.com\/wp-content\/uploads\/2023\/02\/buchen-300x94.jpg 300w, https:\/\/www.beach-villa-sportfishing.com\/wp-content\/uploads\/2023\/02\/buchen-768x241.jpg 768w, https:\/\/www.beach-villa-sportfishing.com\/wp-content\/uploads\/2023\/02\/buchen-1536x481.jpg 1536w\" sizes=\"(max-width: 1200px) 100vw, 1200px\" \/>\t\t\t\t\t\t\t\t\t\t\t\t\t<\/div>\n\t\t\t\t<\/div>\n\t\t\t\t\t<\/div>\n\t\t<\/div>\n\t\t\t\t\t<\/div>\n\t\t<\/section>\n\t\t\t\t<section class=\"elementor-section elementor-top-section elementor-element elementor-element-605795f elementor-section-boxed elementor-section-height-default elementor-section-height-default\" data-id=\"605795f\" data-element_type=\"section\" data-settings=\"{&quot;background_background&quot;:&quot;classic&quot;}\">\n\t\t\t\t\t\t<div class=\"elementor-container elementor-column-gap-default\">\n\t\t\t\t\t<div class=\"elementor-column elementor-col-100 elementor-top-column elementor-element elementor-element-4979837\" data-id=\"4979837\" data-element_type=\"column\">\n\t\t\t<div class=\"elementor-widget-wrap elementor-element-populated\">\n\t\t\t\t\t\t<div class=\"elementor-element elementor-element-3ae2122 elementor-widget elementor-widget-heading\" data-id=\"3ae2122\" data-element_type=\"widget\" data-widget_type=\"heading.default\">\n\t\t\t\t<div class=\"elementor-widget-container\">\n\t\t\t<h2 class=\"elementor-heading-title elementor-size-default\">BUCHEN<\/h2>\t\t<\/div>\n\t\t\t\t<\/div>\n\t\t\t\t\t<\/div>\n\t\t<\/div>\n\t\t\t\t\t<\/div>\n\t\t<\/section>\n\t\t\t\t<section class=\"elementor-section elementor-top-section elementor-element elementor-element-3d65ee7 elementor-section-full_width elementor-section-height-default elementor-section-height-default\" data-id=\"3d65ee7\" data-element_type=\"section\" data-settings=\"{&quot;background_background&quot;:&quot;classic&quot;}\">\n\t\t\t\t\t\t<div class=\"elementor-container elementor-column-gap-no\">\n\t\t\t\t\t<div class=\"elementor-column elementor-col-100 elementor-top-column elementor-element elementor-element-682438d\" data-id=\"682438d\" data-element_type=\"column\">\n\t\t\t<div class=\"elementor-widget-wrap elementor-element-populated\">\n\t\t\t\t\t\t<div class=\"elementor-element elementor-element-a4dc15e elementor-widget-divider--view-line elementor-widget elementor-widget-divider\" data-id=\"a4dc15e\" data-element_type=\"widget\" data-widget_type=\"divider.default\">\n\t\t\t\t<div class=\"elementor-widget-container\">\n\t\t\t\t\t<div class=\"elementor-divider\">\n\t\t\t<span class=\"elementor-divider-separator\">\n\t\t\t\t\t\t<\/span>\n\t\t<\/div>\n\t\t\t\t<\/div>\n\t\t\t\t<\/div>\n\t\t\t\t\t<\/div>\n\t\t<\/div>\n\t\t\t\t\t<\/div>\n\t\t<\/section>\n\t\t\t\t<section class=\"elementor-section elementor-top-section elementor-element elementor-element-976686c elementor-section-boxed elementor-section-height-default elementor-section-height-default\" data-id=\"976686c\" data-element_type=\"section\">\n\t\t\t\t\t\t<div class=\"elementor-container elementor-column-gap-default\">\n\t\t\t\t\t<div class=\"elementor-column elementor-col-100 elementor-top-column elementor-element elementor-element-c918b60\" data-id=\"c918b60\" data-element_type=\"column\">\n\t\t\t<div class=\"elementor-widget-wrap elementor-element-populated\">\n\t\t\t\t\t\t<div class=\"elementor-element elementor-element-8bede7a elementor-widget elementor-widget-text-editor\" data-id=\"8bede7a\" data-element_type=\"widget\" data-widget_type=\"text-editor.default\">\n\t\t\t\t<div class=\"elementor-widget-container\">\n\t\t\t\t\t\t\t<p>Bitte kontaktieren Sie uns f\u00fcr Ihre Reservierungen. Wir werden unser Bestes tun, um Sie so schnell wie m\u00f6glich \u00fcber unsere Zimmerverf\u00fcgbarkeit zu informieren.<\/p>\t\t\t\t\t\t<\/div>\n\t\t\t\t<\/div>\n\t\t\t\t\t<\/div>\n\t\t<\/div>\n\t\t\t\t\t<\/div>\n\t\t<\/section>\n\t\t\t\t<section class=\"elementor-section elementor-top-section elementor-element elementor-element-0d628d3 elementor-section-boxed elementor-section-height-default elementor-section-height-default\" data-id=\"0d628d3\" data-element_type=\"section\">\n\t\t\t\t\t\t<div class=\"elementor-container elementor-column-gap-default\">\n\t\t\t\t\t<div class=\"elementor-column elementor-col-50 elementor-top-column elementor-element elementor-element-5f8a382\" data-id=\"5f8a382\" data-element_type=\"column\">\n\t\t\t<div class=\"elementor-widget-wrap elementor-element-populated\">\n\t\t\t\t\t\t<div class=\"elementor-element elementor-element-10dc443 elementor-widget elementor-widget-shortcode\" data-id=\"10dc443\" data-element_type=\"widget\" data-widget_type=\"shortcode.default\">\n\t\t\t\t<div class=\"elementor-widget-container\">\n\t\t\t\t\t<div class=\"elementor-shortcode\"><div class=\"forminator-ui forminator-custom-form forminator-custom-form-2373 forminator-design--default  forminator_ajax\" data-forminator-render=\"0\" data-form=\"forminator-module-2373\" data-uid=\"69d7de8baee91\"><br\/><\/div><form\n\t\t\t\tid=\"forminator-module-2373\"\n\t\t\t\tclass=\"forminator-ui forminator-custom-form forminator-custom-form-2373 forminator-design--default  forminator_ajax\"\n\t\t\t\tmethod=\"post\"\n\t\t\t\tdata-forminator-render=\"0\"\n\t\t\t\tdata-form-id=\"2373\"\n\t\t\t\t\n\t\t\t\tdata-design=\"default\"\n\t\t\t\t\n\t\t\t\t\n\t\t\t\t\n\t\t\t\tdata-grid=\"open\"\n\t\t\t\t\n\t\t\t\t\n\t\t\t\tstyle=\"display: none;\"\n\t\t\t\t\n\t\t\t\tdata-uid=\"69d7de8baee91\"\n\t\t\t><div role=\"alert\" aria-live=\"polite\" class=\"forminator-response-message forminator-error\" aria-hidden=\"true\"><\/div><div class=\"forminator-row\"><div id=\"name-1\" class=\"forminator-field-name forminator-col forminator-col-12 \"><div class=\"forminator-field\"><label for=\"forminator-field-name-1_69d7de8baee91\" id=\"forminator-field-name-1_69d7de8baee91-label\" class=\"forminator-label\">Name <span class=\"forminator-required\">*<\/span><\/label><input type=\"text\" name=\"name-1\" value=\"\" placeholder=\"\" id=\"forminator-field-name-1_69d7de8baee91\" class=\"forminator-input forminator-name--field\" aria-required=\"true\" \/><\/div><\/div><\/div><div class=\"forminator-row\"><div id=\"email-1\" class=\"forminator-field-email forminator-col forminator-col-12 \"><div class=\"forminator-field\"><label for=\"forminator-field-email-1_69d7de8baee91\" id=\"forminator-field-email-1_69d7de8baee91-label\" class=\"forminator-label\">E-Mail Adresse <span class=\"forminator-required\">*<\/span><\/label><input type=\"email\" name=\"email-1\" value=\"\" placeholder=\"\" id=\"forminator-field-email-1_69d7de8baee91\" class=\"forminator-input forminator-email--field\" data-required=\"1\" aria-required=\"true\" \/><\/div><\/div><\/div><div class=\"forminator-row\"><div id=\"date-2\" class=\"forminator-field-date forminator-col forminator-col-6 \"><div class=\"forminator-field\"><label for=\"forminator-field-date-2-picker_69d7de8baee91\" id=\"forminator-field-date-2-picker_69d7de8baee91-label\" class=\"forminator-label\">Ankunft <span class=\"forminator-required\">*<\/span><\/label><div class=\"forminator-input-with-icon\"><label for=\"forminator-field-date-2-picker_69d7de8baee91\"><span class=\"forminator-icon-calendar\" aria-hidden=\"true\"><\/span><\/label><input autocomplete=\"off\" type=\"text\" size=\"1\" name=\"date-2\" value=\"\" placeholder=\"\" id=\"forminator-field-date-2-picker_69d7de8baee91\" class=\"forminator-input forminator-datepicker\" data-required=\"1\" data-format=\"mm.dd.yy\" data-restrict-type=\"\" data-restrict=\"\" data-start-year=\"1926\" data-end-year=\"2126\" data-past-dates=\"enable\" data-start-of-week=\"1\" data-start-date=\"\" data-end-date=\"\" data-start-field=\"\" data-end-field=\"\" data-start-offset=\"\" data-end-offset=\"\" data-disable-date=\"\" data-disable-range=\"\" \/><\/div><\/div><\/div><div id=\"date-1\" class=\"forminator-field-date forminator-col forminator-col-6 \"><div class=\"forminator-field\"><label for=\"forminator-field-date-1-picker_69d7de8baee91\" id=\"forminator-field-date-1-picker_69d7de8baee91-label\" class=\"forminator-label\">Abreise <span class=\"forminator-required\">*<\/span><\/label><div class=\"forminator-input-with-icon\"><label for=\"forminator-field-date-1-picker_69d7de8baee91\"><span class=\"forminator-icon-calendar\" aria-hidden=\"true\"><\/span><\/label><input autocomplete=\"off\" type=\"text\" size=\"1\" name=\"date-1\" value=\"\" placeholder=\"\" id=\"forminator-field-date-1-picker_69d7de8baee91\" class=\"forminator-input forminator-datepicker\" data-required=\"1\" data-format=\"mm.dd.yy\" data-restrict-type=\"\" data-restrict=\"\" data-start-year=\"1926\" data-end-year=\"2126\" data-past-dates=\"enable\" data-start-of-week=\"1\" data-start-date=\"\" data-end-date=\"\" data-start-field=\"\" data-end-field=\"\" data-start-offset=\"\" data-end-offset=\"\" data-disable-date=\"\" data-disable-range=\"\" \/><\/div><\/div><\/div><\/div><div class=\"forminator-row\"><div id=\"number-2\" class=\"forminator-field-number forminator-col forminator-col-6 \"><div class=\"forminator-field\"><label for=\"forminator-field-number-2_69d7de8baee91\" id=\"forminator-field-number-2_69d7de8baee91-label\" class=\"forminator-label\">Anzahl Personen <span class=\"forminator-required\">*<\/span><\/label><input name=\"number-2\" value=\"\" placeholder=\"\" id=\"forminator-field-number-2_69d7de8baee91\" class=\"forminator-input forminator-number--field\" inputmode=\"decimal\" data-required=\"1\" data-decimals=\"0\" aria-required=\"true\" data-inputmask=\"&#039;groupSeparator&#039;: &#039;&#039;, &#039;radixPoint&#039;: &#039;&#039;, &#039;digits&#039;: &#039;0&#039;\" type=\"number\" step=\"any\" min=\"1\" max=\"150\" \/><\/div><\/div><div id=\"number-1\" class=\"forminator-field-number forminator-col forminator-col-6 \"><div class=\"forminator-field\"><label for=\"forminator-field-number-1_69d7de8baee91\" id=\"forminator-field-number-1_69d7de8baee91-label\" class=\"forminator-label\">davon Kinder<\/label><input name=\"number-1\" value=\"\" placeholder=\"\" id=\"forminator-field-number-1_69d7de8baee91\" class=\"forminator-input forminator-number--field\" inputmode=\"decimal\" data-required=\"\" data-decimals=\"0\" aria-required=\"false\" data-inputmask=\"&#039;groupSeparator&#039;: &#039;&#039;, &#039;radixPoint&#039;: &#039;&#039;, &#039;digits&#039;: &#039;0&#039;\" type=\"number\" step=\"any\" min=\"0\" max=\"150\" \/><\/div><\/div><\/div><div class=\"forminator-row\"><div id=\"textarea-1\" class=\"forminator-field-textarea forminator-col forminator-col-12 \"><div class=\"forminator-field\"><label for=\"forminator-field-textarea-1_69d7de8baee91\" id=\"forminator-field-textarea-1_69d7de8baee91-label\" class=\"forminator-label\">Nachricht<\/label><textarea name=\"textarea-1\" placeholder=\"\" id=\"forminator-field-textarea-1_69d7de8baee91\" class=\"forminator-textarea\" rows=\"6\" style=\"min-height:140px;\" ><\/textarea><\/div><\/div><\/div><input type=\"hidden\" name=\"referer_url\" value=\"\" \/><div class=\"forminator-row forminator-row-last\"><div class=\"forminator-col\"><div class=\"forminator-field\"><button class=\"forminator-button forminator-button-submit\">Senden<\/button><\/div><\/div><\/div><input type=\"hidden\" id=\"forminator_nonce\" name=\"forminator_nonce\" value=\"268d9da6c9\" \/><input type=\"hidden\" name=\"_wp_http_referer\" value=\"\/index.php\/wp-json\/wp\/v2\/pages\/44\" \/><input type=\"hidden\" name=\"form_id\" value=\"2373\"><input type=\"hidden\" name=\"page_id\" value=\"44\"><input type=\"hidden\" name=\"form_type\" value=\"default\"><input type=\"hidden\" name=\"current_url\" value=\"https:\/\/www.beach-villa-sportfishing.com\/index.php\/de\/buchen-sie-ihren-urlaub-auf-den-seychellen-in-der-beach-villa\/\"><input type=\"hidden\" name=\"render_id\" value=\"0\"><input type=\"hidden\" name=\"action\" value=\"forminator_submit_form_custom-forms\"><label for=\"input_8\" class=\"forminator-hidden\" aria-hidden=\"true\">Please do not fill in this field. <input id=\"input_8\" type=\"text\" name=\"input_8\" value=\"\" autocomplete=\"off\"><\/label><\/form><\/div>\n\t\t\t\t<\/div>\n\t\t\t\t<\/div>\n\t\t\t\t\t<\/div>\n\t\t<\/div>\n\t\t\t\t<div class=\"elementor-column elementor-col-50 elementor-top-column elementor-element elementor-element-a890c49\" data-id=\"a890c49\" data-element_type=\"column\">\n\t\t\t<div class=\"elementor-widget-wrap elementor-element-populated\">\n\t\t\t\t\t\t\t<\/div>\n\t\t<\/div>\n\t\t\t\t\t<\/div>\n\t\t<\/section>\n\t\t\t\t<\/div>\n\t\t","protected":false},"excerpt":{"rendered":"<p>BUCHEN Bitte kontaktieren Sie uns f\u00fcr Ihre Reservierungen. Wir werden unser Bestes tun, um Sie so schnell wie m\u00f6glich \u00fcber unsere Zimmerverf\u00fcgbarkeit zu informieren.<\/p>\n","protected":false},"author":1,"featured_media":0,"parent":0,"menu_order":0,"comment_status":"closed","ping_status":"closed","template":"","meta":{"neve_meta_sidebar":"","neve_meta_container":"full-width","neve_meta_enable_content_width":"","neve_meta_content_width":0,"neve_meta_title_alignment":"","neve_meta_author_avatar":"","neve_post_elements_order":"","neve_meta_disable_header":"","neve_meta_disable_footer":"","neve_meta_disable_title":"on","footnotes":""},"class_list":["post-44","page","type-page","status-publish","hentry"],"yoast_head":"<!-- This site is optimized with the Yoast SEO plugin v25.6 - https:\/\/yoast.com\/wordpress\/plugins\/seo\/ -->\n<title>Buchen -<\/title>\n<meta name=\"description\" content=\"Buchen Sie schnell und einfach Ihren Urlaub im Beach Villa G\u00e4stehaus auf der Insel Praslin auf den Seychellen.\" \/>\n<meta name=\"robots\" content=\"index, follow, max-snippet:-1, max-image-preview:large, max-video-preview:-1\" \/>\n<link rel=\"canonical\" href=\"https:\/\/www.beach-villa-sportfishing.com\/index.php\/de\/buchen-sie-ihren-urlaub-auf-den-seychellen-in-der-beach-villa\/\" \/>\n<meta property=\"og:locale\" content=\"en_GB\" \/>\n<meta property=\"og:type\" content=\"article\" \/>\n<meta property=\"og:title\" content=\"Buchen -\" \/>\n<meta property=\"og:description\" content=\"Buchen Sie schnell und einfach Ihren Urlaub im Beach Villa G\u00e4stehaus auf der Insel Praslin auf den Seychellen.\" \/>\n<meta property=\"og:url\" content=\"https:\/\/www.beach-villa-sportfishing.com\/index.php\/de\/buchen-sie-ihren-urlaub-auf-den-seychellen-in-der-beach-villa\/\" \/>\n<meta property=\"article:modified_time\" content=\"2024-10-06T14:05:47+00:00\" \/>\n<meta property=\"og:image\" content=\"https:\/\/www.beach-villa-sportfishing.com\/wp-content\/uploads\/2023\/02\/buchen.jpg\" \/>\n<meta name=\"twitter:card\" content=\"summary_large_image\" \/>\n<meta name=\"twitter:label1\" content=\"Estimated reading time\" \/>\n\t<meta name=\"twitter:data1\" content=\"1 minute\" \/>\n<script type=\"application\/ld+json\" class=\"yoast-schema-graph\">{\"@context\":\"https:\/\/schema.org\",\"@graph\":[{\"@type\":\"WebPage\",\"@id\":\"https:\/\/www.beach-villa-sportfishing.com\/index.php\/de\/buchen-sie-ihren-urlaub-auf-den-seychellen-in-der-beach-villa\/\",\"url\":\"https:\/\/www.beach-villa-sportfishing.com\/index.php\/de\/buchen-sie-ihren-urlaub-auf-den-seychellen-in-der-beach-villa\/\",\"name\":\"Buchen -\",\"isPartOf\":{\"@id\":\"https:\/\/www.beach-villa-sportfishing.com\/#website\"},\"primaryImageOfPage\":{\"@id\":\"https:\/\/www.beach-villa-sportfishing.com\/index.php\/de\/buchen-sie-ihren-urlaub-auf-den-seychellen-in-der-beach-villa\/#primaryimage\"},\"image\":{\"@id\":\"https:\/\/www.beach-villa-sportfishing.com\/index.php\/de\/buchen-sie-ihren-urlaub-auf-den-seychellen-in-der-beach-villa\/#primaryimage\"},\"thumbnailUrl\":\"https:\/\/www.beach-villa-sportfishing.com\/wp-content\/uploads\/2023\/02\/buchen.jpg\",\"datePublished\":\"2022-01-04T18:12:19+00:00\",\"dateModified\":\"2024-10-06T14:05:47+00:00\",\"description\":\"Buchen Sie schnell und einfach Ihren Urlaub im Beach Villa G\u00e4stehaus auf der Insel Praslin auf den Seychellen.\",\"breadcrumb\":{\"@id\":\"https:\/\/www.beach-villa-sportfishing.com\/index.php\/de\/buchen-sie-ihren-urlaub-auf-den-seychellen-in-der-beach-villa\/#breadcrumb\"},\"inLanguage\":\"en-GB\",\"potentialAction\":[{\"@type\":\"ReadAction\",\"target\":[\"https:\/\/www.beach-villa-sportfishing.com\/index.php\/de\/buchen-sie-ihren-urlaub-auf-den-seychellen-in-der-beach-villa\/\"]}]},{\"@type\":\"ImageObject\",\"inLanguage\":\"en-GB\",\"@id\":\"https:\/\/www.beach-villa-sportfishing.com\/index.php\/de\/buchen-sie-ihren-urlaub-auf-den-seychellen-in-der-beach-villa\/#primaryimage\",\"url\":\"https:\/\/www.beach-villa-sportfishing.com\/wp-content\/uploads\/2023\/02\/buchen.jpg\",\"contentUrl\":\"https:\/\/www.beach-villa-sportfishing.com\/wp-content\/uploads\/2023\/02\/buchen.jpg\",\"width\":1900,\"height\":595},{\"@type\":\"BreadcrumbList\",\"@id\":\"https:\/\/www.beach-villa-sportfishing.com\/index.php\/de\/buchen-sie-ihren-urlaub-auf-den-seychellen-in-der-beach-villa\/#breadcrumb\",\"itemListElement\":[{\"@type\":\"ListItem\",\"position\":1,\"name\":\"Home\",\"item\":\"https:\/\/www.beach-villa-sportfishing.com\/index.php\/fr\/beach-villa-guesthouse-vacances-aux-seychelles\/\"},{\"@type\":\"ListItem\",\"position\":2,\"name\":\"Buchen\"}]},{\"@type\":\"WebSite\",\"@id\":\"https:\/\/www.beach-villa-sportfishing.com\/#website\",\"url\":\"https:\/\/www.beach-villa-sportfishing.com\/\",\"name\":\"Beach Villa Sportfishing\",\"description\":\"\",\"publisher\":{\"@id\":\"https:\/\/www.beach-villa-sportfishing.com\/#organization\"},\"potentialAction\":[{\"@type\":\"SearchAction\",\"target\":{\"@type\":\"EntryPoint\",\"urlTemplate\":\"https:\/\/www.beach-villa-sportfishing.com\/?s={search_term_string}\"},\"query-input\":{\"@type\":\"PropertyValueSpecification\",\"valueRequired\":true,\"valueName\":\"search_term_string\"}}],\"inLanguage\":\"en-GB\"},{\"@type\":\"Organization\",\"@id\":\"https:\/\/www.beach-villa-sportfishing.com\/#organization\",\"name\":\"Beach Villa Sportfishing\",\"url\":\"https:\/\/www.beach-villa-sportfishing.com\/\",\"logo\":{\"@type\":\"ImageObject\",\"inLanguage\":\"en-GB\",\"@id\":\"https:\/\/www.beach-villa-sportfishing.com\/#\/schema\/logo\/image\/\",\"url\":\"https:\/\/www.beach-villa-sportfishing.com\/wp-content\/uploads\/2022\/01\/cropped-logo_neu_2.png\",\"contentUrl\":\"https:\/\/www.beach-villa-sportfishing.com\/wp-content\/uploads\/2022\/01\/cropped-logo_neu_2.png\",\"width\":1000,\"height\":519,\"caption\":\"Beach Villa Sportfishing\"},\"image\":{\"@id\":\"https:\/\/www.beach-villa-sportfishing.com\/#\/schema\/logo\/image\/\"}}]}<\/script>\n<!-- \/ Yoast SEO plugin. -->","yoast_head_json":{"title":"Buchen -","description":"Buchen Sie schnell und einfach Ihren Urlaub im Beach Villa G\u00e4stehaus auf der Insel Praslin auf den Seychellen.","robots":{"index":"index","follow":"follow","max-snippet":"max-snippet:-1","max-image-preview":"max-image-preview:large","max-video-preview":"max-video-preview:-1"},"canonical":"https:\/\/www.beach-villa-sportfishing.com\/index.php\/de\/buchen-sie-ihren-urlaub-auf-den-seychellen-in-der-beach-villa\/","og_locale":"en_GB","og_type":"article","og_title":"Buchen -","og_description":"Buchen Sie schnell und einfach Ihren Urlaub im Beach Villa G\u00e4stehaus auf der Insel Praslin auf den Seychellen.","og_url":"https:\/\/www.beach-villa-sportfishing.com\/index.php\/de\/buchen-sie-ihren-urlaub-auf-den-seychellen-in-der-beach-villa\/","article_modified_time":"2024-10-06T14:05:47+00:00","og_image":[{"url":"https:\/\/www.beach-villa-sportfishing.com\/wp-content\/uploads\/2023\/02\/buchen.jpg","type":"","width":"","height":""}],"twitter_card":"summary_large_image","twitter_misc":{"Estimated reading time":"1 minute"},"schema":{"@context":"https:\/\/schema.org","@graph":[{"@type":"WebPage","@id":"https:\/\/www.beach-villa-sportfishing.com\/index.php\/de\/buchen-sie-ihren-urlaub-auf-den-seychellen-in-der-beach-villa\/","url":"https:\/\/www.beach-villa-sportfishing.com\/index.php\/de\/buchen-sie-ihren-urlaub-auf-den-seychellen-in-der-beach-villa\/","name":"Buchen -","isPartOf":{"@id":"https:\/\/www.beach-villa-sportfishing.com\/#website"},"primaryImageOfPage":{"@id":"https:\/\/www.beach-villa-sportfishing.com\/index.php\/de\/buchen-sie-ihren-urlaub-auf-den-seychellen-in-der-beach-villa\/#primaryimage"},"image":{"@id":"https:\/\/www.beach-villa-sportfishing.com\/index.php\/de\/buchen-sie-ihren-urlaub-auf-den-seychellen-in-der-beach-villa\/#primaryimage"},"thumbnailUrl":"https:\/\/www.beach-villa-sportfishing.com\/wp-content\/uploads\/2023\/02\/buchen.jpg","datePublished":"2022-01-04T18:12:19+00:00","dateModified":"2024-10-06T14:05:47+00:00","description":"Buchen Sie schnell und einfach Ihren Urlaub im Beach Villa G\u00e4stehaus auf der Insel Praslin auf den Seychellen.","breadcrumb":{"@id":"https:\/\/www.beach-villa-sportfishing.com\/index.php\/de\/buchen-sie-ihren-urlaub-auf-den-seychellen-in-der-beach-villa\/#breadcrumb"},"inLanguage":"en-GB","potentialAction":[{"@type":"ReadAction","target":["https:\/\/www.beach-villa-sportfishing.com\/index.php\/de\/buchen-sie-ihren-urlaub-auf-den-seychellen-in-der-beach-villa\/"]}]},{"@type":"ImageObject","inLanguage":"en-GB","@id":"https:\/\/www.beach-villa-sportfishing.com\/index.php\/de\/buchen-sie-ihren-urlaub-auf-den-seychellen-in-der-beach-villa\/#primaryimage","url":"https:\/\/www.beach-villa-sportfishing.com\/wp-content\/uploads\/2023\/02\/buchen.jpg","contentUrl":"https:\/\/www.beach-villa-sportfishing.com\/wp-content\/uploads\/2023\/02\/buchen.jpg","width":1900,"height":595},{"@type":"BreadcrumbList","@id":"https:\/\/www.beach-villa-sportfishing.com\/index.php\/de\/buchen-sie-ihren-urlaub-auf-den-seychellen-in-der-beach-villa\/#breadcrumb","itemListElement":[{"@type":"ListItem","position":1,"name":"Home","item":"https:\/\/www.beach-villa-sportfishing.com\/index.php\/fr\/beach-villa-guesthouse-vacances-aux-seychelles\/"},{"@type":"ListItem","position":2,"name":"Buchen"}]},{"@type":"WebSite","@id":"https:\/\/www.beach-villa-sportfishing.com\/#website","url":"https:\/\/www.beach-villa-sportfishing.com\/","name":"Beach Villa Sportfishing","description":"","publisher":{"@id":"https:\/\/www.beach-villa-sportfishing.com\/#organization"},"potentialAction":[{"@type":"SearchAction","target":{"@type":"EntryPoint","urlTemplate":"https:\/\/www.beach-villa-sportfishing.com\/?s={search_term_string}"},"query-input":{"@type":"PropertyValueSpecification","valueRequired":true,"valueName":"search_term_string"}}],"inLanguage":"en-GB"},{"@type":"Organization","@id":"https:\/\/www.beach-villa-sportfishing.com\/#organization","name":"Beach Villa Sportfishing","url":"https:\/\/www.beach-villa-sportfishing.com\/","logo":{"@type":"ImageObject","inLanguage":"en-GB","@id":"https:\/\/www.beach-villa-sportfishing.com\/#\/schema\/logo\/image\/","url":"https:\/\/www.beach-villa-sportfishing.com\/wp-content\/uploads\/2022\/01\/cropped-logo_neu_2.png","contentUrl":"https:\/\/www.beach-villa-sportfishing.com\/wp-content\/uploads\/2022\/01\/cropped-logo_neu_2.png","width":1000,"height":519,"caption":"Beach Villa Sportfishing"},"image":{"@id":"https:\/\/www.beach-villa-sportfishing.com\/#\/schema\/logo\/image\/"}}]}},"_links":{"self":[{"href":"https:\/\/www.beach-villa-sportfishing.com\/index.php\/wp-json\/wp\/v2\/pages\/44"}],"collection":[{"href":"https:\/\/www.beach-villa-sportfishing.com\/index.php\/wp-json\/wp\/v2\/pages"}],"about":[{"href":"https:\/\/www.beach-villa-sportfishing.com\/index.php\/wp-json\/wp\/v2\/types\/page"}],"author":[{"embeddable":true,"href":"https:\/\/www.beach-villa-sportfishing.com\/index.php\/wp-json\/wp\/v2\/users\/1"}],"replies":[{"embeddable":true,"href":"https:\/\/www.beach-villa-sportfishing.com\/index.php\/wp-json\/wp\/v2\/comments?post=44"}],"version-history":[{"count":68,"href":"https:\/\/www.beach-villa-sportfishing.com\/index.php\/wp-json\/wp\/v2\/pages\/44\/revisions"}],"predecessor-version":[{"id":2924,"href":"https:\/\/www.beach-villa-sportfishing.com\/index.php\/wp-json\/wp\/v2\/pages\/44\/revisions\/2924"}],"wp:attachment":[{"href":"https:\/\/www.beach-villa-sportfishing.com\/index.php\/wp-json\/wp\/v2\/media?parent=44"}],"curies":[{"name":"wp","href":"https:\/\/api.w.org\/{rel}","templated":true}]}}