{"id":324,"date":"2022-01-08T10:39:05","date_gmt":"2022-01-08T10:39:05","guid":{"rendered":"https:\/\/www.beach-villa-sportfishing.com\/wordpress\/?page_id=324"},"modified":"2025-07-31T17:25:19","modified_gmt":"2025-07-31T17:25:19","slug":"beach-villa-gastehaus-urlaub-auf-den-seychellen","status":"publish","type":"page","link":"https:\/\/www.beach-villa-sportfishing.com\/index.php\/de\/beach-villa-gastehaus-urlaub-auf-den-seychellen\/","title":{"rendered":"Urlaub auf den Seychellen im Beach Villa G\u00e4stehaus auf Praslin"},"content":{"rendered":"\t\t<div data-elementor-type=\"wp-page\" data-elementor-id=\"324\" class=\"elementor elementor-324\">\n\t\t\t\t\t\t<section class=\"elementor-section elementor-top-section elementor-element elementor-element-fd34f54 elementor-section-full_width elementor-reverse-tablet elementor-reverse-mobile elementor-section-height-default elementor-section-height-default\" data-id=\"fd34f54\" data-element_type=\"section\">\n\t\t\t\t\t\t<div class=\"elementor-container elementor-column-gap-default\">\n\t\t\t\t\t<div class=\"elementor-column elementor-col-100 elementor-top-column elementor-element elementor-element-efadc9a\" data-id=\"efadc9a\" data-element_type=\"column\">\n\t\t\t<div class=\"elementor-widget-wrap elementor-element-populated\">\n\t\t\t\t\t\t<div class=\"elementor-element elementor-element-60d5a0d elementor-widget elementor-widget-image\" data-id=\"60d5a0d\" data-element_type=\"widget\" data-widget_type=\"image.default\">\n\t\t\t\t<div class=\"elementor-widget-container\">\n\t\t\t\t\t\t\t\t\t\t\t\t\t<img fetchpriority=\"high\" decoding=\"async\" width=\"1200\" height=\"376\" src=\"https:\/\/www.beach-villa-sportfishing.com\/wp-content\/uploads\/2023\/02\/startseite.jpg\" class=\"attachment-large size-large wp-image-2522\" alt=\"\" srcset=\"https:\/\/www.beach-villa-sportfishing.com\/wp-content\/uploads\/2023\/02\/startseite.jpg 1900w, https:\/\/www.beach-villa-sportfishing.com\/wp-content\/uploads\/2023\/02\/startseite-300x94.jpg 300w, https:\/\/www.beach-villa-sportfishing.com\/wp-content\/uploads\/2023\/02\/startseite-768x241.jpg 768w, https:\/\/www.beach-villa-sportfishing.com\/wp-content\/uploads\/2023\/02\/startseite-1536x481.jpg 1536w\" sizes=\"(max-width: 1200px) 100vw, 1200px\" \/>\t\t\t\t\t\t\t\t\t\t\t\t\t<\/div>\n\t\t\t\t<\/div>\n\t\t\t\t\t<\/div>\n\t\t<\/div>\n\t\t\t\t\t<\/div>\n\t\t<\/section>\n\t\t\t\t<section class=\"elementor-section elementor-top-section elementor-element elementor-element-3e62b76 elementor-section-boxed elementor-section-height-default elementor-section-height-default\" data-id=\"3e62b76\" data-element_type=\"section\" data-settings=\"{&quot;background_background&quot;:&quot;classic&quot;}\">\n\t\t\t\t\t\t<div class=\"elementor-container elementor-column-gap-default\">\n\t\t\t\t\t<div class=\"elementor-column elementor-col-100 elementor-top-column elementor-element elementor-element-cb56f9d\" data-id=\"cb56f9d\" data-element_type=\"column\">\n\t\t\t<div class=\"elementor-widget-wrap elementor-element-populated\">\n\t\t\t\t\t\t<div class=\"elementor-element elementor-element-aac50e6 elementor-widget-tablet__width-initial elementor-widget elementor-widget-heading\" data-id=\"aac50e6\" data-element_type=\"widget\" data-widget_type=\"heading.default\">\n\t\t\t\t<div class=\"elementor-widget-container\">\n\t\t\t<h2 class=\"elementor-heading-title elementor-size-default\">WILLKOMMEN<\/h2>\t\t<\/div>\n\t\t\t\t<\/div>\n\t\t\t\t\t<\/div>\n\t\t<\/div>\n\t\t\t\t\t<\/div>\n\t\t<\/section>\n\t\t\t\t<section class=\"elementor-section elementor-top-section elementor-element elementor-element-8a98e1e elementor-section-full_width elementor-section-height-default elementor-section-height-default\" data-id=\"8a98e1e\" data-element_type=\"section\" data-settings=\"{&quot;background_background&quot;:&quot;classic&quot;}\">\n\t\t\t\t\t\t<div class=\"elementor-container elementor-column-gap-no\">\n\t\t\t\t\t<div class=\"elementor-column elementor-col-100 elementor-top-column elementor-element elementor-element-a62c517\" data-id=\"a62c517\" data-element_type=\"column\">\n\t\t\t<div class=\"elementor-widget-wrap elementor-element-populated\">\n\t\t\t\t\t\t<div class=\"elementor-element elementor-element-8bcadf4 elementor-widget-tablet__width-initial elementor-widget-divider--view-line elementor-widget elementor-widget-divider\" data-id=\"8bcadf4\" data-element_type=\"widget\" data-widget_type=\"divider.default\">\n\t\t\t\t<div class=\"elementor-widget-container\">\n\t\t\t\t\t<div class=\"elementor-divider\">\n\t\t\t<span class=\"elementor-divider-separator\">\n\t\t\t\t\t\t<\/span>\n\t\t<\/div>\n\t\t\t\t<\/div>\n\t\t\t\t<\/div>\n\t\t\t\t\t<\/div>\n\t\t<\/div>\n\t\t\t\t\t<\/div>\n\t\t<\/section>\n\t\t\t\t<section class=\"elementor-section elementor-top-section elementor-element elementor-element-232a51f elementor-section-boxed elementor-section-height-default elementor-section-height-default\" data-id=\"232a51f\" data-element_type=\"section\">\n\t\t\t\t\t\t<div class=\"elementor-container elementor-column-gap-default\">\n\t\t\t\t\t<div class=\"elementor-column elementor-col-100 elementor-top-column elementor-element elementor-element-e495a3e\" data-id=\"e495a3e\" data-element_type=\"column\">\n\t\t\t<div class=\"elementor-widget-wrap elementor-element-populated\">\n\t\t\t\t\t\t<div class=\"elementor-element elementor-element-3a697fc elementor-widget elementor-widget-heading\" data-id=\"3a697fc\" data-element_type=\"widget\" data-widget_type=\"heading.default\">\n\t\t\t\t<div class=\"elementor-widget-container\">\n\t\t\t<h2 class=\"elementor-heading-title elementor-size-default\">Herzlich Willkommen auf unserer Webseite<\/h2>\t\t<\/div>\n\t\t\t\t<\/div>\n\t\t\t\t\t<\/div>\n\t\t<\/div>\n\t\t\t\t\t<\/div>\n\t\t<\/section>\n\t\t\t\t<section class=\"elementor-section elementor-top-section elementor-element elementor-element-2e265fb elementor-section-boxed elementor-section-height-default elementor-section-height-default\" data-id=\"2e265fb\" data-element_type=\"section\">\n\t\t\t\t\t\t<div class=\"elementor-container elementor-column-gap-default\">\n\t\t\t\t\t<div class=\"elementor-column elementor-col-100 elementor-top-column elementor-element elementor-element-7adf66f\" data-id=\"7adf66f\" data-element_type=\"column\">\n\t\t\t<div class=\"elementor-widget-wrap elementor-element-populated\">\n\t\t\t\t\t\t<div class=\"elementor-element elementor-element-7a0d3ef elementor-widget elementor-widget-text-editor\" data-id=\"7a0d3ef\" data-element_type=\"widget\" data-widget_type=\"text-editor.default\">\n\t\t\t\t<div class=\"elementor-widget-container\">\n\t\t\t\t\t\t\t<p>Unsere familiengef\u00fchrte Bungalow Anlage befindet sich direkt am Grand Anse Beach&nbsp; auf der zweitgr\u00f6\u00dften Insel der Seychellen Praslin. Von der Hauptinsel Mah\u00e9 erreichen Sie Praslin mit dem Flugzeug oder mit der F\u00e4hre Cat Cocos.&nbsp;<\/p>\n<p>Direkt vor unserer Anlage befindet sich eine Bushaltestelle. Mit dem Bus k\u00f6nnen Sie fast alle Punkte der Insel bequem erreichen. Gern organisieren wir Ihnen auch einen Mietwagen oder Fahrr\u00e4der.&nbsp;<span style=\"background-color: var(--nv-site-bg); color: var(--nv-text-color); letter-spacing: var(--bodyletterspacing); text-transform: var(--bodytexttransform);\">In der n\u00e4heren Umgebung gibt es verschiedene Einkaufsm\u00f6glichkeiten und Restaurants.&nbsp;<\/span><\/p>\n<p>Auf der Insel befindet sich der Nationalpark Vall\u00e9e de Mai. Hier wachsen die ber\u00fchmten Seychellenpalmen mit den gr\u00f6\u00dften Samen der Welt, der Coco de Mer. Der Besuch des Nationalparks geh\u00f6rt zu den beeindruckendsten Erlebnissen auf Praslin.&nbsp;<\/p>\t\t\t\t\t\t<\/div>\n\t\t\t\t<\/div>\n\t\t\t\t\t<\/div>\n\t\t<\/div>\n\t\t\t\t\t<\/div>\n\t\t<\/section>\n\t\t\t\t<section class=\"elementor-section elementor-top-section elementor-element elementor-element-8db0583 elementor-section-boxed elementor-section-height-default elementor-section-height-default\" data-id=\"8db0583\" data-element_type=\"section\">\n\t\t\t\t\t\t<div class=\"elementor-container elementor-column-gap-default\">\n\t\t\t\t\t<div class=\"elementor-column elementor-col-50 elementor-top-column elementor-element elementor-element-40a7966\" data-id=\"40a7966\" data-element_type=\"column\" data-settings=\"{&quot;background_background&quot;:&quot;classic&quot;}\">\n\t\t\t<div class=\"elementor-widget-wrap elementor-element-populated\">\n\t\t\t\t\t\t<div class=\"elementor-element elementor-element-29f24bf elementor-widget elementor-widget-heading\" data-id=\"29f24bf\" data-element_type=\"widget\" data-widget_type=\"heading.default\">\n\t\t\t\t<div class=\"elementor-widget-container\">\n\t\t\t<h2 class=\"elementor-heading-title elementor-size-default\">G\u00e4stehaus<\/h2>\t\t<\/div>\n\t\t\t\t<\/div>\n\t\t\t\t<div class=\"elementor-element elementor-element-395e45c elementor-widget elementor-widget-image\" data-id=\"395e45c\" data-element_type=\"widget\" data-widget_type=\"image.default\">\n\t\t\t\t<div class=\"elementor-widget-container\">\n\t\t\t\t\t\t\t\t\t\t\t\t\t<img decoding=\"async\" width=\"1024\" height=\"768\" src=\"https:\/\/www.beach-villa-sportfishing.com\/wp-content\/uploads\/2022\/01\/IMG-20190730-WA0031-1024x768.jpg\" class=\"attachment-large size-large wp-image-258\" alt=\"\" srcset=\"https:\/\/www.beach-villa-sportfishing.com\/wp-content\/uploads\/2022\/01\/IMG-20190730-WA0031-1024x768.jpg 1024w, https:\/\/www.beach-villa-sportfishing.com\/wp-content\/uploads\/2022\/01\/IMG-20190730-WA0031-300x225.jpg 300w, https:\/\/www.beach-villa-sportfishing.com\/wp-content\/uploads\/2022\/01\/IMG-20190730-WA0031-768x576.jpg 768w, https:\/\/www.beach-villa-sportfishing.com\/wp-content\/uploads\/2022\/01\/IMG-20190730-WA0031-250x0.jpg 250w, https:\/\/www.beach-villa-sportfishing.com\/wp-content\/uploads\/2022\/01\/IMG-20190730-WA0031-350x0.jpg 350w, https:\/\/www.beach-villa-sportfishing.com\/wp-content\/uploads\/2022\/01\/IMG-20190730-WA0031-373x0.jpg 373w, https:\/\/www.beach-villa-sportfishing.com\/wp-content\/uploads\/2022\/01\/IMG-20190730-WA0031-380x0.jpg 380w, https:\/\/www.beach-villa-sportfishing.com\/wp-content\/uploads\/2022\/01\/IMG-20190730-WA0031-400x0.jpg 400w, https:\/\/www.beach-villa-sportfishing.com\/wp-content\/uploads\/2022\/01\/IMG-20190730-WA0031.jpg 1280w\" sizes=\"(max-width: 1024px) 100vw, 1024px\" \/>\t\t\t\t\t\t\t\t\t\t\t\t\t<\/div>\n\t\t\t\t<\/div>\n\t\t\t\t<div class=\"elementor-element elementor-element-0f2726b elementor-widget elementor-widget-text-editor\" data-id=\"0f2726b\" data-element_type=\"widget\" data-widget_type=\"text-editor.default\">\n\t\t\t\t<div class=\"elementor-widget-container\">\n\t\t\t\t\t\t\t<p>Unsere Anlage verf\u00fcgt \u00fcber neun liebevoll eingerichtete\u00a0<span style=\"color: var(--nv-text-color); letter-spacing: var(--bodyletterspacing); text-transform: var(--bodytexttransform);\">Bungalow. Unsere Zimmer k\u00f6nnen von 2-4 Personen belegt werden.\u00a0 Mehr Informationen finden Sie\u00a0<\/span><a style=\"letter-spacing: var(--bodyletterspacing); text-transform: var(--bodytexttransform);\" href=\"https:\/\/www.beach-villa-sportfishing.com\/index.php\/en\/guesthouse\/\" target=\"_blank\" rel=\"noopener\">hier&#8230;<\/a><\/p>\t\t\t\t\t\t<\/div>\n\t\t\t\t<\/div>\n\t\t\t\t\t<\/div>\n\t\t<\/div>\n\t\t\t\t<div class=\"elementor-column elementor-col-50 elementor-top-column elementor-element elementor-element-59dfe2e\" data-id=\"59dfe2e\" data-element_type=\"column\" data-settings=\"{&quot;background_background&quot;:&quot;classic&quot;}\">\n\t\t\t<div class=\"elementor-widget-wrap elementor-element-populated\">\n\t\t\t\t\t\t<div class=\"elementor-element elementor-element-a4649d0 elementor-widget elementor-widget-heading\" data-id=\"a4649d0\" data-element_type=\"widget\" data-widget_type=\"heading.default\">\n\t\t\t\t<div class=\"elementor-widget-container\">\n\t\t\t<h2 class=\"elementor-heading-title elementor-size-default\">Sportfischen<\/h2>\t\t<\/div>\n\t\t\t\t<\/div>\n\t\t\t\t<div class=\"elementor-element elementor-element-eee6511 elementor-widget elementor-widget-image\" data-id=\"eee6511\" data-element_type=\"widget\" data-widget_type=\"image.default\">\n\t\t\t\t<div class=\"elementor-widget-container\">\n\t\t\t\t\t\t\t\t\t\t\t\t\t<img decoding=\"async\" width=\"1024\" height=\"768\" src=\"https:\/\/www.beach-villa-sportfishing.com\/wp-content\/uploads\/2022\/01\/IMG-20190730-WA0005.jpg\" class=\"attachment-large size-large wp-image-215\" alt=\"\" srcset=\"https:\/\/www.beach-villa-sportfishing.com\/wp-content\/uploads\/2022\/01\/IMG-20190730-WA0005.jpg 1024w, https:\/\/www.beach-villa-sportfishing.com\/wp-content\/uploads\/2022\/01\/IMG-20190730-WA0005-300x225.jpg 300w, https:\/\/www.beach-villa-sportfishing.com\/wp-content\/uploads\/2022\/01\/IMG-20190730-WA0005-768x576.jpg 768w\" sizes=\"(max-width: 1024px) 100vw, 1024px\" \/>\t\t\t\t\t\t\t\t\t\t\t\t\t<\/div>\n\t\t\t\t<\/div>\n\t\t\t\t<div class=\"elementor-element elementor-element-092fd96 elementor-widget elementor-widget-text-editor\" data-id=\"092fd96\" data-element_type=\"widget\" data-widget_type=\"text-editor.default\">\n\t\t\t\t<div class=\"elementor-widget-container\">\n\t\t\t\t\t\t\t<p>Sehr beliebt ist unser Angebot Sportfischen das wir mit unseren Booten Albemarlin und Venture durchf\u00fchren. N\u00e4he Informationen finden Sie <a style=\"letter-spacing: var(--bodyletterspacing); text-transform: var(--bodytexttransform);\" href=\"https:\/\/www.beach-villa-sportfishing.com\/index.php\/en\/sportfishing\/\" target=\"_blank\" rel=\"noopener\">hier&#8230;<\/a><\/p>\t\t\t\t\t\t<\/div>\n\t\t\t\t<\/div>\n\t\t\t\t\t<\/div>\n\t\t<\/div>\n\t\t\t\t\t<\/div>\n\t\t<\/section>\n\t\t\t\t<\/div>\n\t\t","protected":false},"excerpt":{"rendered":"<p>WILLKOMMEN Herzlich Willkommen auf unserer Webseite Unsere familiengef\u00fchrte Bungalow Anlage befindet sich direkt am Grand Anse Beach&nbsp; auf der zweitgr\u00f6\u00dften Insel der Seychellen Praslin. Von der Hauptinsel Mah\u00e9 erreichen Sie Praslin mit dem Flugzeug oder mit der F\u00e4hre Cat Cocos.&nbsp; Direkt vor unserer Anlage befindet sich eine Bushaltestelle. Mit dem Bus k\u00f6nnen Sie fast alle&hellip;&nbsp;<a href=\"https:\/\/www.beach-villa-sportfishing.com\/index.php\/de\/beach-villa-gastehaus-urlaub-auf-den-seychellen\/\" class=\"\" rel=\"bookmark\">Read More &raquo;<span class=\"screen-reader-text\">Urlaub auf den Seychellen im Beach Villa G\u00e4stehaus auf Praslin<\/span><\/a><\/p>\n","protected":false},"author":1,"featured_media":0,"parent":0,"menu_order":0,"comment_status":"closed","ping_status":"closed","template":"","meta":{"neve_meta_sidebar":"","neve_meta_container":"full-width","neve_meta_enable_content_width":"","neve_meta_content_width":0,"neve_meta_title_alignment":"","neve_meta_author_avatar":"","neve_post_elements_order":"","neve_meta_disable_header":"","neve_meta_disable_footer":"","neve_meta_disable_title":"on","footnotes":""},"class_list":["post-324","page","type-page","status-publish","hentry"],"yoast_head":"<!-- This site is optimized with the Yoast SEO plugin v25.6 - https:\/\/yoast.com\/wordpress\/plugins\/seo\/ -->\n<title>Urlaub auf den Seychellen im Beach Villa G\u00e4stehaus auf Praslin -<\/title>\n<meta name=\"description\" content=\"Urlaub auf den Seychellen, erleben Sie die ruhige und famili\u00e4re Atmosph\u00e4re direkt am Strand auf der Insel Praslin\" \/>\n<meta name=\"robots\" content=\"index, follow, max-snippet:-1, max-image-preview:large, max-video-preview:-1\" \/>\n<link rel=\"canonical\" href=\"https:\/\/www.beach-villa-sportfishing.com\/index.php\/de\/beach-villa-gastehaus-urlaub-auf-den-seychellen\/\" \/>\n<meta property=\"og:locale\" content=\"en_GB\" \/>\n<meta property=\"og:type\" content=\"article\" \/>\n<meta property=\"og:title\" content=\"Urlaub auf den Seychellen im Beach Villa G\u00e4stehaus auf Praslin -\" \/>\n<meta property=\"og:description\" content=\"Urlaub auf den Seychellen, erleben Sie die ruhige und famili\u00e4re Atmosph\u00e4re direkt am Strand auf der Insel Praslin\" \/>\n<meta property=\"og:url\" content=\"https:\/\/www.beach-villa-sportfishing.com\/index.php\/de\/beach-villa-gastehaus-urlaub-auf-den-seychellen\/\" \/>\n<meta property=\"article:modified_time\" content=\"2025-07-31T17:25:19+00:00\" \/>\n<meta property=\"og:image\" content=\"https:\/\/www.beach-villa-sportfishing.com\/wp-content\/uploads\/2023\/02\/startseite.jpg\" \/>\n\t<meta property=\"og:image:width\" content=\"1900\" \/>\n\t<meta property=\"og:image:height\" content=\"595\" \/>\n\t<meta property=\"og:image:type\" content=\"image\/jpeg\" \/>\n<meta name=\"twitter:card\" content=\"summary_large_image\" \/>\n<meta name=\"twitter:label1\" content=\"Estimated reading time\" \/>\n\t<meta name=\"twitter:data1\" content=\"2 minutes\" \/>\n<script type=\"application\/ld+json\" class=\"yoast-schema-graph\">{\"@context\":\"https:\/\/schema.org\",\"@graph\":[{\"@type\":\"WebPage\",\"@id\":\"https:\/\/www.beach-villa-sportfishing.com\/index.php\/de\/beach-villa-gastehaus-urlaub-auf-den-seychellen\/\",\"url\":\"https:\/\/www.beach-villa-sportfishing.com\/index.php\/de\/beach-villa-gastehaus-urlaub-auf-den-seychellen\/\",\"name\":\"Urlaub auf den Seychellen im Beach Villa G\u00e4stehaus auf Praslin -\",\"isPartOf\":{\"@id\":\"https:\/\/www.beach-villa-sportfishing.com\/#website\"},\"primaryImageOfPage\":{\"@id\":\"https:\/\/www.beach-villa-sportfishing.com\/index.php\/de\/beach-villa-gastehaus-urlaub-auf-den-seychellen\/#primaryimage\"},\"image\":{\"@id\":\"https:\/\/www.beach-villa-sportfishing.com\/index.php\/de\/beach-villa-gastehaus-urlaub-auf-den-seychellen\/#primaryimage\"},\"thumbnailUrl\":\"https:\/\/www.beach-villa-sportfishing.com\/wp-content\/uploads\/2023\/02\/startseite.jpg\",\"datePublished\":\"2022-01-08T10:39:05+00:00\",\"dateModified\":\"2025-07-31T17:25:19+00:00\",\"description\":\"Urlaub auf den Seychellen, erleben Sie die ruhige und famili\u00e4re Atmosph\u00e4re direkt am Strand auf der Insel Praslin\",\"breadcrumb\":{\"@id\":\"https:\/\/www.beach-villa-sportfishing.com\/index.php\/de\/beach-villa-gastehaus-urlaub-auf-den-seychellen\/#breadcrumb\"},\"inLanguage\":\"en-GB\",\"potentialAction\":[{\"@type\":\"ReadAction\",\"target\":[\"https:\/\/www.beach-villa-sportfishing.com\/index.php\/de\/beach-villa-gastehaus-urlaub-auf-den-seychellen\/\"]}]},{\"@type\":\"ImageObject\",\"inLanguage\":\"en-GB\",\"@id\":\"https:\/\/www.beach-villa-sportfishing.com\/index.php\/de\/beach-villa-gastehaus-urlaub-auf-den-seychellen\/#primaryimage\",\"url\":\"https:\/\/www.beach-villa-sportfishing.com\/wp-content\/uploads\/2023\/02\/startseite.jpg\",\"contentUrl\":\"https:\/\/www.beach-villa-sportfishing.com\/wp-content\/uploads\/2023\/02\/startseite.jpg\",\"width\":1900,\"height\":595},{\"@type\":\"BreadcrumbList\",\"@id\":\"https:\/\/www.beach-villa-sportfishing.com\/index.php\/de\/beach-villa-gastehaus-urlaub-auf-den-seychellen\/#breadcrumb\",\"itemListElement\":[{\"@type\":\"ListItem\",\"position\":1,\"name\":\"Home\",\"item\":\"https:\/\/www.beach-villa-sportfishing.com\/index.php\/fr\/beach-villa-guesthouse-vacances-aux-seychelles\/\"},{\"@type\":\"ListItem\",\"position\":2,\"name\":\"Urlaub auf den Seychellen im Beach Villa G\u00e4stehaus auf Praslin\"}]},{\"@type\":\"WebSite\",\"@id\":\"https:\/\/www.beach-villa-sportfishing.com\/#website\",\"url\":\"https:\/\/www.beach-villa-sportfishing.com\/\",\"name\":\"Beach Villa Sportfishing\",\"description\":\"\",\"publisher\":{\"@id\":\"https:\/\/www.beach-villa-sportfishing.com\/#organization\"},\"potentialAction\":[{\"@type\":\"SearchAction\",\"target\":{\"@type\":\"EntryPoint\",\"urlTemplate\":\"https:\/\/www.beach-villa-sportfishing.com\/?s={search_term_string}\"},\"query-input\":{\"@type\":\"PropertyValueSpecification\",\"valueRequired\":true,\"valueName\":\"search_term_string\"}}],\"inLanguage\":\"en-GB\"},{\"@type\":\"Organization\",\"@id\":\"https:\/\/www.beach-villa-sportfishing.com\/#organization\",\"name\":\"Beach Villa Sportfishing\",\"url\":\"https:\/\/www.beach-villa-sportfishing.com\/\",\"logo\":{\"@type\":\"ImageObject\",\"inLanguage\":\"en-GB\",\"@id\":\"https:\/\/www.beach-villa-sportfishing.com\/#\/schema\/logo\/image\/\",\"url\":\"https:\/\/www.beach-villa-sportfishing.com\/wp-content\/uploads\/2022\/01\/cropped-logo_neu_2.png\",\"contentUrl\":\"https:\/\/www.beach-villa-sportfishing.com\/wp-content\/uploads\/2022\/01\/cropped-logo_neu_2.png\",\"width\":1000,\"height\":519,\"caption\":\"Beach Villa Sportfishing\"},\"image\":{\"@id\":\"https:\/\/www.beach-villa-sportfishing.com\/#\/schema\/logo\/image\/\"}}]}<\/script>\n<!-- \/ Yoast SEO plugin. -->","yoast_head_json":{"title":"Urlaub auf den Seychellen im Beach Villa G\u00e4stehaus auf Praslin -","description":"Urlaub auf den Seychellen, erleben Sie die ruhige und famili\u00e4re Atmosph\u00e4re direkt am Strand auf der Insel Praslin","robots":{"index":"index","follow":"follow","max-snippet":"max-snippet:-1","max-image-preview":"max-image-preview:large","max-video-preview":"max-video-preview:-1"},"canonical":"https:\/\/www.beach-villa-sportfishing.com\/index.php\/de\/beach-villa-gastehaus-urlaub-auf-den-seychellen\/","og_locale":"en_GB","og_type":"article","og_title":"Urlaub auf den Seychellen im Beach Villa G\u00e4stehaus auf Praslin -","og_description":"Urlaub auf den Seychellen, erleben Sie die ruhige und famili\u00e4re Atmosph\u00e4re direkt am Strand auf der Insel Praslin","og_url":"https:\/\/www.beach-villa-sportfishing.com\/index.php\/de\/beach-villa-gastehaus-urlaub-auf-den-seychellen\/","article_modified_time":"2025-07-31T17:25:19+00:00","og_image":[{"width":1900,"height":595,"url":"https:\/\/www.beach-villa-sportfishing.com\/wp-content\/uploads\/2023\/02\/startseite.jpg","type":"image\/jpeg"}],"twitter_card":"summary_large_image","twitter_misc":{"Estimated reading time":"2 minutes"},"schema":{"@context":"https:\/\/schema.org","@graph":[{"@type":"WebPage","@id":"https:\/\/www.beach-villa-sportfishing.com\/index.php\/de\/beach-villa-gastehaus-urlaub-auf-den-seychellen\/","url":"https:\/\/www.beach-villa-sportfishing.com\/index.php\/de\/beach-villa-gastehaus-urlaub-auf-den-seychellen\/","name":"Urlaub auf den Seychellen im Beach Villa G\u00e4stehaus auf Praslin -","isPartOf":{"@id":"https:\/\/www.beach-villa-sportfishing.com\/#website"},"primaryImageOfPage":{"@id":"https:\/\/www.beach-villa-sportfishing.com\/index.php\/de\/beach-villa-gastehaus-urlaub-auf-den-seychellen\/#primaryimage"},"image":{"@id":"https:\/\/www.beach-villa-sportfishing.com\/index.php\/de\/beach-villa-gastehaus-urlaub-auf-den-seychellen\/#primaryimage"},"thumbnailUrl":"https:\/\/www.beach-villa-sportfishing.com\/wp-content\/uploads\/2023\/02\/startseite.jpg","datePublished":"2022-01-08T10:39:05+00:00","dateModified":"2025-07-31T17:25:19+00:00","description":"Urlaub auf den Seychellen, erleben Sie die ruhige und famili\u00e4re Atmosph\u00e4re direkt am Strand auf der Insel Praslin","breadcrumb":{"@id":"https:\/\/www.beach-villa-sportfishing.com\/index.php\/de\/beach-villa-gastehaus-urlaub-auf-den-seychellen\/#breadcrumb"},"inLanguage":"en-GB","potentialAction":[{"@type":"ReadAction","target":["https:\/\/www.beach-villa-sportfishing.com\/index.php\/de\/beach-villa-gastehaus-urlaub-auf-den-seychellen\/"]}]},{"@type":"ImageObject","inLanguage":"en-GB","@id":"https:\/\/www.beach-villa-sportfishing.com\/index.php\/de\/beach-villa-gastehaus-urlaub-auf-den-seychellen\/#primaryimage","url":"https:\/\/www.beach-villa-sportfishing.com\/wp-content\/uploads\/2023\/02\/startseite.jpg","contentUrl":"https:\/\/www.beach-villa-sportfishing.com\/wp-content\/uploads\/2023\/02\/startseite.jpg","width":1900,"height":595},{"@type":"BreadcrumbList","@id":"https:\/\/www.beach-villa-sportfishing.com\/index.php\/de\/beach-villa-gastehaus-urlaub-auf-den-seychellen\/#breadcrumb","itemListElement":[{"@type":"ListItem","position":1,"name":"Home","item":"https:\/\/www.beach-villa-sportfishing.com\/index.php\/fr\/beach-villa-guesthouse-vacances-aux-seychelles\/"},{"@type":"ListItem","position":2,"name":"Urlaub auf den Seychellen im Beach Villa G\u00e4stehaus auf Praslin"}]},{"@type":"WebSite","@id":"https:\/\/www.beach-villa-sportfishing.com\/#website","url":"https:\/\/www.beach-villa-sportfishing.com\/","name":"Beach Villa Sportfishing","description":"","publisher":{"@id":"https:\/\/www.beach-villa-sportfishing.com\/#organization"},"potentialAction":[{"@type":"SearchAction","target":{"@type":"EntryPoint","urlTemplate":"https:\/\/www.beach-villa-sportfishing.com\/?s={search_term_string}"},"query-input":{"@type":"PropertyValueSpecification","valueRequired":true,"valueName":"search_term_string"}}],"inLanguage":"en-GB"},{"@type":"Organization","@id":"https:\/\/www.beach-villa-sportfishing.com\/#organization","name":"Beach Villa Sportfishing","url":"https:\/\/www.beach-villa-sportfishing.com\/","logo":{"@type":"ImageObject","inLanguage":"en-GB","@id":"https:\/\/www.beach-villa-sportfishing.com\/#\/schema\/logo\/image\/","url":"https:\/\/www.beach-villa-sportfishing.com\/wp-content\/uploads\/2022\/01\/cropped-logo_neu_2.png","contentUrl":"https:\/\/www.beach-villa-sportfishing.com\/wp-content\/uploads\/2022\/01\/cropped-logo_neu_2.png","width":1000,"height":519,"caption":"Beach Villa Sportfishing"},"image":{"@id":"https:\/\/www.beach-villa-sportfishing.com\/#\/schema\/logo\/image\/"}}]}},"_links":{"self":[{"href":"https:\/\/www.beach-villa-sportfishing.com\/index.php\/wp-json\/wp\/v2\/pages\/324"}],"collection":[{"href":"https:\/\/www.beach-villa-sportfishing.com\/index.php\/wp-json\/wp\/v2\/pages"}],"about":[{"href":"https:\/\/www.beach-villa-sportfishing.com\/index.php\/wp-json\/wp\/v2\/types\/page"}],"author":[{"embeddable":true,"href":"https:\/\/www.beach-villa-sportfishing.com\/index.php\/wp-json\/wp\/v2\/users\/1"}],"replies":[{"embeddable":true,"href":"https:\/\/www.beach-villa-sportfishing.com\/index.php\/wp-json\/wp\/v2\/comments?post=324"}],"version-history":[{"count":141,"href":"https:\/\/www.beach-villa-sportfishing.com\/index.php\/wp-json\/wp\/v2\/pages\/324\/revisions"}],"predecessor-version":[{"id":3225,"href":"https:\/\/www.beach-villa-sportfishing.com\/index.php\/wp-json\/wp\/v2\/pages\/324\/revisions\/3225"}],"wp:attachment":[{"href":"https:\/\/www.beach-villa-sportfishing.com\/index.php\/wp-json\/wp\/v2\/media?parent=324"}],"curies":[{"name":"wp","href":"https:\/\/api.w.org\/{rel}","templated":true}]}}