{"id":25,"date":"2022-01-04T18:07:01","date_gmt":"2022-01-04T18:07:01","guid":{"rendered":"https:\/\/www.beach-villa-sportfishing.com\/wordpress\/?page_id=25"},"modified":"2024-10-06T14:10:53","modified_gmt":"2024-10-06T14:10:53","slug":"kontaktieren-sie-uns","status":"publish","type":"page","link":"https:\/\/www.beach-villa-sportfishing.com\/index.php\/de\/kontaktieren-sie-uns\/","title":{"rendered":"Kontakt"},"content":{"rendered":"\t\t<div data-elementor-type=\"wp-page\" data-elementor-id=\"25\" class=\"elementor elementor-25\">\n\t\t\t\t\t\t<section class=\"elementor-section elementor-top-section elementor-element elementor-element-ff9dbf4 elementor-section-full_width elementor-section-height-default elementor-section-height-default\" data-id=\"ff9dbf4\" data-element_type=\"section\">\n\t\t\t\t\t\t<div class=\"elementor-container elementor-column-gap-default\">\n\t\t\t\t\t<div class=\"elementor-column elementor-col-100 elementor-top-column elementor-element elementor-element-507d83f\" data-id=\"507d83f\" data-element_type=\"column\">\n\t\t\t<div class=\"elementor-widget-wrap elementor-element-populated\">\n\t\t\t\t\t\t<div class=\"elementor-element elementor-element-94693a7 elementor-widget elementor-widget-image\" data-id=\"94693a7\" data-element_type=\"widget\" data-widget_type=\"image.default\">\n\t\t\t\t<div class=\"elementor-widget-container\">\n\t\t\t\t\t\t\t\t\t\t\t\t\t<img fetchpriority=\"high\" decoding=\"async\" width=\"1200\" height=\"376\" src=\"https:\/\/www.beach-villa-sportfishing.com\/wp-content\/uploads\/2023\/05\/back_contact.jpg\" class=\"attachment-large size-large wp-image-2785\" alt=\"\" srcset=\"https:\/\/www.beach-villa-sportfishing.com\/wp-content\/uploads\/2023\/05\/back_contact.jpg 1900w, https:\/\/www.beach-villa-sportfishing.com\/wp-content\/uploads\/2023\/05\/back_contact-300x94.jpg 300w, https:\/\/www.beach-villa-sportfishing.com\/wp-content\/uploads\/2023\/05\/back_contact-768x241.jpg 768w, https:\/\/www.beach-villa-sportfishing.com\/wp-content\/uploads\/2023\/05\/back_contact-1536x481.jpg 1536w\" sizes=\"(max-width: 1200px) 100vw, 1200px\" \/>\t\t\t\t\t\t\t\t\t\t\t\t\t<\/div>\n\t\t\t\t<\/div>\n\t\t\t\t\t<\/div>\n\t\t<\/div>\n\t\t\t\t\t<\/div>\n\t\t<\/section>\n\t\t\t\t<section class=\"elementor-section elementor-top-section elementor-element elementor-element-f0018dd elementor-section-full_width elementor-section-height-default elementor-section-height-default\" data-id=\"f0018dd\" data-element_type=\"section\" data-settings=\"{&quot;background_background&quot;:&quot;classic&quot;}\">\n\t\t\t\t\t\t<div class=\"elementor-container elementor-column-gap-no\">\n\t\t\t\t\t<div class=\"elementor-column elementor-col-100 elementor-top-column elementor-element elementor-element-f022def\" data-id=\"f022def\" data-element_type=\"column\">\n\t\t\t<div class=\"elementor-widget-wrap elementor-element-populated\">\n\t\t\t\t\t\t<div class=\"elementor-element elementor-element-f812b9f elementor-widget-divider--view-line elementor-widget elementor-widget-divider\" data-id=\"f812b9f\" data-element_type=\"widget\" data-widget_type=\"divider.default\">\n\t\t\t\t<div class=\"elementor-widget-container\">\n\t\t\t\t\t<div class=\"elementor-divider\">\n\t\t\t<span class=\"elementor-divider-separator\">\n\t\t\t\t\t\t<\/span>\n\t\t<\/div>\n\t\t\t\t<\/div>\n\t\t\t\t<\/div>\n\t\t\t\t\t<\/div>\n\t\t<\/div>\n\t\t\t\t\t<\/div>\n\t\t<\/section>\n\t\t\t\t<section class=\"elementor-section elementor-top-section elementor-element elementor-element-a658d99 elementor-section-boxed elementor-section-height-default elementor-section-height-default\" data-id=\"a658d99\" data-element_type=\"section\" data-settings=\"{&quot;background_background&quot;:&quot;classic&quot;}\">\n\t\t\t\t\t\t<div class=\"elementor-container elementor-column-gap-default\">\n\t\t\t\t\t<div class=\"elementor-column elementor-col-100 elementor-top-column elementor-element elementor-element-80cf71b\" data-id=\"80cf71b\" data-element_type=\"column\">\n\t\t\t<div class=\"elementor-widget-wrap elementor-element-populated\">\n\t\t\t\t\t\t<div class=\"elementor-element elementor-element-ae26571 elementor-widget elementor-widget-heading\" data-id=\"ae26571\" data-element_type=\"widget\" data-widget_type=\"heading.default\">\n\t\t\t\t<div class=\"elementor-widget-container\">\n\t\t\t<h2 class=\"elementor-heading-title elementor-size-default\">KONTAKT<\/h2>\t\t<\/div>\n\t\t\t\t<\/div>\n\t\t\t\t\t<\/div>\n\t\t<\/div>\n\t\t\t\t\t<\/div>\n\t\t<\/section>\n\t\t\t\t<section class=\"elementor-section elementor-top-section elementor-element elementor-element-3384e5e elementor-section-boxed elementor-section-height-default elementor-section-height-default\" data-id=\"3384e5e\" data-element_type=\"section\">\n\t\t\t\t\t\t<div class=\"elementor-container elementor-column-gap-default\">\n\t\t\t\t\t<div class=\"elementor-column elementor-col-100 elementor-top-column elementor-element elementor-element-db396c1\" data-id=\"db396c1\" data-element_type=\"column\">\n\t\t\t<div class=\"elementor-widget-wrap elementor-element-populated\">\n\t\t\t\t\t\t<div class=\"elementor-element elementor-element-cd032ab elementor-widget elementor-widget-text-editor\" data-id=\"cd032ab\" data-element_type=\"widget\" data-widget_type=\"text-editor.default\">\n\t\t\t\t<div class=\"elementor-widget-container\">\n\t\t\t\t\t\t\t<p>Schreiben Sie uns eine Nachricht, wir bem\u00fchen uns schnellstm\u00f6glich Ihnen zu antworten.\u00a0<\/p>\t\t\t\t\t\t<\/div>\n\t\t\t\t<\/div>\n\t\t\t\t\t<\/div>\n\t\t<\/div>\n\t\t\t\t\t<\/div>\n\t\t<\/section>\n\t\t\t\t<section class=\"elementor-section elementor-top-section elementor-element elementor-element-a1bcbcd elementor-section-boxed elementor-section-height-default elementor-section-height-default\" data-id=\"a1bcbcd\" data-element_type=\"section\">\n\t\t\t\t\t\t<div class=\"elementor-container elementor-column-gap-default\">\n\t\t\t\t\t<div class=\"elementor-column elementor-col-50 elementor-top-column elementor-element elementor-element-96c611a\" data-id=\"96c611a\" data-element_type=\"column\">\n\t\t\t<div class=\"elementor-widget-wrap elementor-element-populated\">\n\t\t\t\t\t\t<div class=\"elementor-element elementor-element-b6c5f5a elementor-widget elementor-widget-shortcode\" data-id=\"b6c5f5a\" data-element_type=\"widget\" data-widget_type=\"shortcode.default\">\n\t\t\t\t<div class=\"elementor-widget-container\">\n\t\t\t\t\t<div class=\"elementor-shortcode\"><div class=\"forminator-ui forminator-custom-form forminator-custom-form-2407 forminator-design--default  forminator_ajax\" data-forminator-render=\"0\" data-form=\"forminator-module-2407\" data-uid=\"69ff219cc395d\"><br\/><\/div><form\n\t\t\t\tid=\"forminator-module-2407\"\n\t\t\t\tclass=\"forminator-ui forminator-custom-form forminator-custom-form-2407 forminator-design--default  forminator_ajax\"\n\t\t\t\tmethod=\"post\"\n\t\t\t\tdata-forminator-render=\"0\"\n\t\t\t\tdata-form-id=\"2407\"\n\t\t\t\t\n\t\t\t\tdata-design=\"default\"\n\t\t\t\t\n\t\t\t\t\n\t\t\t\t\n\t\t\t\tdata-grid=\"open\"\n\t\t\t\t\n\t\t\t\t\n\t\t\t\tstyle=\"display: none;\"\n\t\t\t\t\n\t\t\t\tdata-uid=\"69ff219cc395d\"\n\t\t\t><div role=\"alert\" aria-live=\"polite\" class=\"forminator-response-message forminator-error\" aria-hidden=\"true\"><\/div><div class=\"forminator-row\"><div id=\"name-2\" class=\"forminator-field-name forminator-col forminator-col-12 \"><div class=\"forminator-field\"><label for=\"forminator-field-name-2_69ff219cc395d\" id=\"forminator-field-name-2_69ff219cc395d-label\" class=\"forminator-label\">Name <span class=\"forminator-required\">*<\/span><\/label><input type=\"text\" name=\"name-2\" value=\"\" placeholder=\"\" id=\"forminator-field-name-2_69ff219cc395d\" class=\"forminator-input forminator-name--field\" aria-required=\"true\" \/><\/div><\/div><\/div><div class=\"forminator-row\"><div id=\"name-1\" class=\"forminator-field-name forminator-col forminator-col-12 \"><div class=\"forminator-field\"><label for=\"forminator-field-name-1_69ff219cc395d\" id=\"forminator-field-name-1_69ff219cc395d-label\" class=\"forminator-label\">Betreff<\/label><input type=\"text\" name=\"name-1\" value=\"\" placeholder=\"\" id=\"forminator-field-name-1_69ff219cc395d\" class=\"forminator-input forminator-name--field\" aria-required=\"false\" \/><\/div><\/div><\/div><div class=\"forminator-row\"><div id=\"email-1\" class=\"forminator-field-email forminator-col forminator-col-12 \"><div class=\"forminator-field\"><label for=\"forminator-field-email-1_69ff219cc395d\" id=\"forminator-field-email-1_69ff219cc395d-label\" class=\"forminator-label\">E-Mail Adresse <span class=\"forminator-required\">*<\/span><\/label><input type=\"email\" name=\"email-1\" value=\"\" placeholder=\"\" id=\"forminator-field-email-1_69ff219cc395d\" class=\"forminator-input forminator-email--field\" data-required=\"1\" aria-required=\"true\" \/><\/div><\/div><\/div><div class=\"forminator-row\"><div id=\"textarea-1\" class=\"forminator-field-textarea forminator-col forminator-col-12 \"><div class=\"forminator-field\"><label for=\"forminator-field-textarea-1_69ff219cc395d\" id=\"forminator-field-textarea-1_69ff219cc395d-label\" class=\"forminator-label\">Nachricht <span class=\"forminator-required\">*<\/span><\/label><textarea name=\"textarea-1\" placeholder=\"\" id=\"forminator-field-textarea-1_69ff219cc395d\" class=\"forminator-textarea\" rows=\"6\" style=\"min-height:140px;\" ><\/textarea><\/div><\/div><\/div><input type=\"hidden\" name=\"referer_url\" value=\"\" \/><div class=\"forminator-row forminator-row-last\"><div class=\"forminator-col\"><div class=\"forminator-field\"><button class=\"forminator-button forminator-button-submit\">Senden<\/button><\/div><\/div><\/div><input type=\"hidden\" id=\"forminator_nonce\" name=\"forminator_nonce\" value=\"8afad807e9\" \/><input type=\"hidden\" name=\"_wp_http_referer\" value=\"\/index.php\/wp-json\/wp\/v2\/pages\/25\" \/><input type=\"hidden\" name=\"form_id\" value=\"2407\"><input type=\"hidden\" name=\"page_id\" value=\"25\"><input type=\"hidden\" name=\"form_type\" value=\"default\"><input type=\"hidden\" name=\"current_url\" value=\"https:\/\/www.beach-villa-sportfishing.com\/index.php\/de\/kontaktieren-sie-uns\/\"><input type=\"hidden\" name=\"render_id\" value=\"0\"><input type=\"hidden\" name=\"action\" value=\"forminator_submit_form_custom-forms\"><label for=\"input_5\" class=\"forminator-hidden\" aria-hidden=\"true\">Please do not fill in this field. <input id=\"input_5\" type=\"text\" name=\"input_5\" value=\"\" autocomplete=\"off\"><\/label><\/form><\/div>\n\t\t\t\t<\/div>\n\t\t\t\t<\/div>\n\t\t\t\t\t<\/div>\n\t\t<\/div>\n\t\t\t\t<div class=\"elementor-column elementor-col-50 elementor-top-column elementor-element elementor-element-1227c90\" data-id=\"1227c90\" data-element_type=\"column\">\n\t\t\t<div class=\"elementor-widget-wrap elementor-element-populated\">\n\t\t\t\t\t\t<div class=\"elementor-element elementor-element-38e0755 elementor-widget elementor-widget-text-editor\" data-id=\"38e0755\" data-element_type=\"widget\" data-widget_type=\"text-editor.default\">\n\t\t\t\t<div class=\"elementor-widget-container\">\n\t\t\t\t\t\t\t<p>Beach Villa<br \/>Grand Anse &#8211; Praslin<br \/>Seychelles<\/p><p>Tel: 00248 4233445<br \/>E-Mail: beachvilla@email.sc<\/p>\t\t\t\t\t\t<\/div>\n\t\t\t\t<\/div>\n\t\t\t\t\t<\/div>\n\t\t<\/div>\n\t\t\t\t\t<\/div>\n\t\t<\/section>\n\t\t\t\t<\/div>\n\t\t","protected":false},"excerpt":{"rendered":"<p>KONTAKT Schreiben Sie uns eine Nachricht, wir bem\u00fchen uns schnellstm\u00f6glich Ihnen zu antworten.\u00a0 Beach VillaGrand Anse &#8211; PraslinSeychelles Tel: 00248 4233445E-Mail: beachvilla@email.sc<\/p>\n","protected":false},"author":1,"featured_media":0,"parent":0,"menu_order":0,"comment_status":"closed","ping_status":"closed","template":"","meta":{"neve_meta_sidebar":"","neve_meta_container":"full-width","neve_meta_enable_content_width":"","neve_meta_content_width":0,"neve_meta_title_alignment":"","neve_meta_author_avatar":"","neve_post_elements_order":"","neve_meta_disable_header":"","neve_meta_disable_footer":"","neve_meta_disable_title":"on","footnotes":""},"class_list":["post-25","page","type-page","status-publish","hentry"],"yoast_head":"<!-- This site is optimized with the Yoast SEO plugin v25.6 - https:\/\/yoast.com\/wordpress\/plugins\/seo\/ -->\n<title>Kontakt -<\/title>\n<meta name=\"description\" content=\"\u00dcber unser Kontaktformular k\u00f6nnen Sie und bequem jederzeit eine Nachricht an Beach Villa G\u00e4stehaus auf den Seychellen hinterlassen\" \/>\n<meta name=\"robots\" content=\"index, follow, max-snippet:-1, max-image-preview:large, max-video-preview:-1\" \/>\n<link rel=\"canonical\" href=\"https:\/\/www.beach-villa-sportfishing.com\/index.php\/de\/kontaktieren-sie-uns\/\" \/>\n<meta property=\"og:locale\" content=\"en_GB\" \/>\n<meta property=\"og:type\" content=\"article\" \/>\n<meta property=\"og:title\" content=\"Kontakt -\" \/>\n<meta property=\"og:description\" content=\"\u00dcber unser Kontaktformular k\u00f6nnen Sie und bequem jederzeit eine Nachricht an Beach Villa G\u00e4stehaus auf den Seychellen hinterlassen\" \/>\n<meta property=\"og:url\" content=\"https:\/\/www.beach-villa-sportfishing.com\/index.php\/de\/kontaktieren-sie-uns\/\" \/>\n<meta property=\"article:modified_time\" content=\"2024-10-06T14:10:53+00:00\" \/>\n<meta property=\"og:image\" content=\"https:\/\/www.beach-villa-sportfishing.com\/wp-content\/uploads\/2023\/05\/back_contact.jpg\" \/>\n<meta name=\"twitter:card\" content=\"summary_large_image\" \/>\n<meta name=\"twitter:label1\" content=\"Estimated reading time\" \/>\n\t<meta name=\"twitter:data1\" content=\"1 minute\" \/>\n<script type=\"application\/ld+json\" class=\"yoast-schema-graph\">{\"@context\":\"https:\/\/schema.org\",\"@graph\":[{\"@type\":\"WebPage\",\"@id\":\"https:\/\/www.beach-villa-sportfishing.com\/index.php\/de\/kontaktieren-sie-uns\/\",\"url\":\"https:\/\/www.beach-villa-sportfishing.com\/index.php\/de\/kontaktieren-sie-uns\/\",\"name\":\"Kontakt -\",\"isPartOf\":{\"@id\":\"https:\/\/www.beach-villa-sportfishing.com\/#website\"},\"primaryImageOfPage\":{\"@id\":\"https:\/\/www.beach-villa-sportfishing.com\/index.php\/de\/kontaktieren-sie-uns\/#primaryimage\"},\"image\":{\"@id\":\"https:\/\/www.beach-villa-sportfishing.com\/index.php\/de\/kontaktieren-sie-uns\/#primaryimage\"},\"thumbnailUrl\":\"https:\/\/www.beach-villa-sportfishing.com\/wp-content\/uploads\/2023\/05\/back_contact.jpg\",\"datePublished\":\"2022-01-04T18:07:01+00:00\",\"dateModified\":\"2024-10-06T14:10:53+00:00\",\"description\":\"\u00dcber unser Kontaktformular k\u00f6nnen Sie und bequem jederzeit eine Nachricht an Beach Villa G\u00e4stehaus auf den Seychellen hinterlassen\",\"breadcrumb\":{\"@id\":\"https:\/\/www.beach-villa-sportfishing.com\/index.php\/de\/kontaktieren-sie-uns\/#breadcrumb\"},\"inLanguage\":\"en-GB\",\"potentialAction\":[{\"@type\":\"ReadAction\",\"target\":[\"https:\/\/www.beach-villa-sportfishing.com\/index.php\/de\/kontaktieren-sie-uns\/\"]}]},{\"@type\":\"ImageObject\",\"inLanguage\":\"en-GB\",\"@id\":\"https:\/\/www.beach-villa-sportfishing.com\/index.php\/de\/kontaktieren-sie-uns\/#primaryimage\",\"url\":\"https:\/\/www.beach-villa-sportfishing.com\/wp-content\/uploads\/2023\/05\/back_contact.jpg\",\"contentUrl\":\"https:\/\/www.beach-villa-sportfishing.com\/wp-content\/uploads\/2023\/05\/back_contact.jpg\",\"width\":1900,\"height\":595},{\"@type\":\"BreadcrumbList\",\"@id\":\"https:\/\/www.beach-villa-sportfishing.com\/index.php\/de\/kontaktieren-sie-uns\/#breadcrumb\",\"itemListElement\":[{\"@type\":\"ListItem\",\"position\":1,\"name\":\"Home\",\"item\":\"https:\/\/www.beach-villa-sportfishing.com\/index.php\/fr\/beach-villa-guesthouse-vacances-aux-seychelles\/\"},{\"@type\":\"ListItem\",\"position\":2,\"name\":\"Kontakt\"}]},{\"@type\":\"WebSite\",\"@id\":\"https:\/\/www.beach-villa-sportfishing.com\/#website\",\"url\":\"https:\/\/www.beach-villa-sportfishing.com\/\",\"name\":\"Beach Villa Sportfishing\",\"description\":\"\",\"publisher\":{\"@id\":\"https:\/\/www.beach-villa-sportfishing.com\/#organization\"},\"potentialAction\":[{\"@type\":\"SearchAction\",\"target\":{\"@type\":\"EntryPoint\",\"urlTemplate\":\"https:\/\/www.beach-villa-sportfishing.com\/?s={search_term_string}\"},\"query-input\":{\"@type\":\"PropertyValueSpecification\",\"valueRequired\":true,\"valueName\":\"search_term_string\"}}],\"inLanguage\":\"en-GB\"},{\"@type\":\"Organization\",\"@id\":\"https:\/\/www.beach-villa-sportfishing.com\/#organization\",\"name\":\"Beach Villa Sportfishing\",\"url\":\"https:\/\/www.beach-villa-sportfishing.com\/\",\"logo\":{\"@type\":\"ImageObject\",\"inLanguage\":\"en-GB\",\"@id\":\"https:\/\/www.beach-villa-sportfishing.com\/#\/schema\/logo\/image\/\",\"url\":\"https:\/\/www.beach-villa-sportfishing.com\/wp-content\/uploads\/2022\/01\/cropped-logo_neu_2.png\",\"contentUrl\":\"https:\/\/www.beach-villa-sportfishing.com\/wp-content\/uploads\/2022\/01\/cropped-logo_neu_2.png\",\"width\":1000,\"height\":519,\"caption\":\"Beach Villa Sportfishing\"},\"image\":{\"@id\":\"https:\/\/www.beach-villa-sportfishing.com\/#\/schema\/logo\/image\/\"}}]}<\/script>\n<!-- \/ Yoast SEO plugin. -->","yoast_head_json":{"title":"Kontakt -","description":"\u00dcber unser Kontaktformular k\u00f6nnen Sie und bequem jederzeit eine Nachricht an Beach Villa G\u00e4stehaus auf den Seychellen hinterlassen","robots":{"index":"index","follow":"follow","max-snippet":"max-snippet:-1","max-image-preview":"max-image-preview:large","max-video-preview":"max-video-preview:-1"},"canonical":"https:\/\/www.beach-villa-sportfishing.com\/index.php\/de\/kontaktieren-sie-uns\/","og_locale":"en_GB","og_type":"article","og_title":"Kontakt -","og_description":"\u00dcber unser Kontaktformular k\u00f6nnen Sie und bequem jederzeit eine Nachricht an Beach Villa G\u00e4stehaus auf den Seychellen hinterlassen","og_url":"https:\/\/www.beach-villa-sportfishing.com\/index.php\/de\/kontaktieren-sie-uns\/","article_modified_time":"2024-10-06T14:10:53+00:00","og_image":[{"url":"https:\/\/www.beach-villa-sportfishing.com\/wp-content\/uploads\/2023\/05\/back_contact.jpg","type":"","width":"","height":""}],"twitter_card":"summary_large_image","twitter_misc":{"Estimated reading time":"1 minute"},"schema":{"@context":"https:\/\/schema.org","@graph":[{"@type":"WebPage","@id":"https:\/\/www.beach-villa-sportfishing.com\/index.php\/de\/kontaktieren-sie-uns\/","url":"https:\/\/www.beach-villa-sportfishing.com\/index.php\/de\/kontaktieren-sie-uns\/","name":"Kontakt -","isPartOf":{"@id":"https:\/\/www.beach-villa-sportfishing.com\/#website"},"primaryImageOfPage":{"@id":"https:\/\/www.beach-villa-sportfishing.com\/index.php\/de\/kontaktieren-sie-uns\/#primaryimage"},"image":{"@id":"https:\/\/www.beach-villa-sportfishing.com\/index.php\/de\/kontaktieren-sie-uns\/#primaryimage"},"thumbnailUrl":"https:\/\/www.beach-villa-sportfishing.com\/wp-content\/uploads\/2023\/05\/back_contact.jpg","datePublished":"2022-01-04T18:07:01+00:00","dateModified":"2024-10-06T14:10:53+00:00","description":"\u00dcber unser Kontaktformular k\u00f6nnen Sie und bequem jederzeit eine Nachricht an Beach Villa G\u00e4stehaus auf den Seychellen hinterlassen","breadcrumb":{"@id":"https:\/\/www.beach-villa-sportfishing.com\/index.php\/de\/kontaktieren-sie-uns\/#breadcrumb"},"inLanguage":"en-GB","potentialAction":[{"@type":"ReadAction","target":["https:\/\/www.beach-villa-sportfishing.com\/index.php\/de\/kontaktieren-sie-uns\/"]}]},{"@type":"ImageObject","inLanguage":"en-GB","@id":"https:\/\/www.beach-villa-sportfishing.com\/index.php\/de\/kontaktieren-sie-uns\/#primaryimage","url":"https:\/\/www.beach-villa-sportfishing.com\/wp-content\/uploads\/2023\/05\/back_contact.jpg","contentUrl":"https:\/\/www.beach-villa-sportfishing.com\/wp-content\/uploads\/2023\/05\/back_contact.jpg","width":1900,"height":595},{"@type":"BreadcrumbList","@id":"https:\/\/www.beach-villa-sportfishing.com\/index.php\/de\/kontaktieren-sie-uns\/#breadcrumb","itemListElement":[{"@type":"ListItem","position":1,"name":"Home","item":"https:\/\/www.beach-villa-sportfishing.com\/index.php\/fr\/beach-villa-guesthouse-vacances-aux-seychelles\/"},{"@type":"ListItem","position":2,"name":"Kontakt"}]},{"@type":"WebSite","@id":"https:\/\/www.beach-villa-sportfishing.com\/#website","url":"https:\/\/www.beach-villa-sportfishing.com\/","name":"Beach Villa Sportfishing","description":"","publisher":{"@id":"https:\/\/www.beach-villa-sportfishing.com\/#organization"},"potentialAction":[{"@type":"SearchAction","target":{"@type":"EntryPoint","urlTemplate":"https:\/\/www.beach-villa-sportfishing.com\/?s={search_term_string}"},"query-input":{"@type":"PropertyValueSpecification","valueRequired":true,"valueName":"search_term_string"}}],"inLanguage":"en-GB"},{"@type":"Organization","@id":"https:\/\/www.beach-villa-sportfishing.com\/#organization","name":"Beach Villa Sportfishing","url":"https:\/\/www.beach-villa-sportfishing.com\/","logo":{"@type":"ImageObject","inLanguage":"en-GB","@id":"https:\/\/www.beach-villa-sportfishing.com\/#\/schema\/logo\/image\/","url":"https:\/\/www.beach-villa-sportfishing.com\/wp-content\/uploads\/2022\/01\/cropped-logo_neu_2.png","contentUrl":"https:\/\/www.beach-villa-sportfishing.com\/wp-content\/uploads\/2022\/01\/cropped-logo_neu_2.png","width":1000,"height":519,"caption":"Beach Villa Sportfishing"},"image":{"@id":"https:\/\/www.beach-villa-sportfishing.com\/#\/schema\/logo\/image\/"}}]}},"_links":{"self":[{"href":"https:\/\/www.beach-villa-sportfishing.com\/index.php\/wp-json\/wp\/v2\/pages\/25"}],"collection":[{"href":"https:\/\/www.beach-villa-sportfishing.com\/index.php\/wp-json\/wp\/v2\/pages"}],"about":[{"href":"https:\/\/www.beach-villa-sportfishing.com\/index.php\/wp-json\/wp\/v2\/types\/page"}],"author":[{"embeddable":true,"href":"https:\/\/www.beach-villa-sportfishing.com\/index.php\/wp-json\/wp\/v2\/users\/1"}],"replies":[{"embeddable":true,"href":"https:\/\/www.beach-villa-sportfishing.com\/index.php\/wp-json\/wp\/v2\/comments?post=25"}],"version-history":[{"count":63,"href":"https:\/\/www.beach-villa-sportfishing.com\/index.php\/wp-json\/wp\/v2\/pages\/25\/revisions"}],"predecessor-version":[{"id":2895,"href":"https:\/\/www.beach-villa-sportfishing.com\/index.php\/wp-json\/wp\/v2\/pages\/25\/revisions\/2895"}],"wp:attachment":[{"href":"https:\/\/www.beach-villa-sportfishing.com\/index.php\/wp-json\/wp\/v2\/media?parent=25"}],"curies":[{"name":"wp","href":"https:\/\/api.w.org\/{rel}","templated":true}]}}