{"id":2124,"date":"2022-10-03T15:02:00","date_gmt":"2022-10-03T15:02:00","guid":{"rendered":"https:\/\/www.beach-villa-sportfishing.com\/wordpress\/?page_id=2124"},"modified":"2024-10-07T05:09:20","modified_gmt":"2024-10-07T05:09:20","slug":"beach-villa-guesthouse-vacances-aux-seychelles","status":"publish","type":"page","link":"https:\/\/www.beach-villa-sportfishing.com\/index.php\/fr\/beach-villa-guesthouse-vacances-aux-seychelles\/","title":{"rendered":"Vacances aux Seychelles dans la Beach Villa Guesthouse \u00e0 Praslin"},"content":{"rendered":"\t\t<div data-elementor-type=\"wp-page\" data-elementor-id=\"2124\" class=\"elementor elementor-2124\">\n\t\t\t\t\t\t<section class=\"elementor-section elementor-top-section elementor-element elementor-element-435ffb0 elementor-section-full_width elementor-reverse-tablet elementor-reverse-mobile elementor-section-height-default elementor-section-height-default\" data-id=\"435ffb0\" data-element_type=\"section\">\n\t\t\t\t\t\t<div class=\"elementor-container elementor-column-gap-default\">\n\t\t\t\t\t<div class=\"elementor-column elementor-col-100 elementor-top-column elementor-element elementor-element-4f138c5\" data-id=\"4f138c5\" data-element_type=\"column\">\n\t\t\t<div class=\"elementor-widget-wrap elementor-element-populated\">\n\t\t\t\t\t\t<div class=\"elementor-element elementor-element-2396645 elementor-widget elementor-widget-image\" data-id=\"2396645\" data-element_type=\"widget\" data-widget_type=\"image.default\">\n\t\t\t\t<div class=\"elementor-widget-container\">\n\t\t\t\t\t\t\t\t\t\t\t\t\t<img fetchpriority=\"high\" decoding=\"async\" width=\"1200\" height=\"376\" src=\"https:\/\/www.beach-villa-sportfishing.com\/wp-content\/uploads\/2023\/02\/startseite.jpg\" class=\"attachment-large size-large wp-image-2522\" alt=\"\" srcset=\"https:\/\/www.beach-villa-sportfishing.com\/wp-content\/uploads\/2023\/02\/startseite.jpg 1900w, https:\/\/www.beach-villa-sportfishing.com\/wp-content\/uploads\/2023\/02\/startseite-300x94.jpg 300w, https:\/\/www.beach-villa-sportfishing.com\/wp-content\/uploads\/2023\/02\/startseite-768x241.jpg 768w, https:\/\/www.beach-villa-sportfishing.com\/wp-content\/uploads\/2023\/02\/startseite-1536x481.jpg 1536w\" sizes=\"(max-width: 1200px) 100vw, 1200px\" \/>\t\t\t\t\t\t\t\t\t\t\t\t\t<\/div>\n\t\t\t\t<\/div>\n\t\t\t\t\t<\/div>\n\t\t<\/div>\n\t\t\t\t\t<\/div>\n\t\t<\/section>\n\t\t\t\t<section class=\"elementor-section elementor-top-section elementor-element elementor-element-18eeb94 elementor-section-boxed elementor-section-height-default elementor-section-height-default\" data-id=\"18eeb94\" data-element_type=\"section\" data-settings=\"{&quot;background_background&quot;:&quot;classic&quot;}\">\n\t\t\t\t\t\t<div class=\"elementor-container elementor-column-gap-default\">\n\t\t\t\t\t<div class=\"elementor-column elementor-col-100 elementor-top-column elementor-element elementor-element-6c74e78\" data-id=\"6c74e78\" data-element_type=\"column\">\n\t\t\t<div class=\"elementor-widget-wrap elementor-element-populated\">\n\t\t\t\t\t\t<div class=\"elementor-element elementor-element-d875337 elementor-widget-tablet__width-initial elementor-widget elementor-widget-heading\" data-id=\"d875337\" data-element_type=\"widget\" data-widget_type=\"heading.default\">\n\t\t\t\t<div class=\"elementor-widget-container\">\n\t\t\t<h2 class=\"elementor-heading-title elementor-size-default\">BIENVENUE<\/h2>\t\t<\/div>\n\t\t\t\t<\/div>\n\t\t\t\t\t<\/div>\n\t\t<\/div>\n\t\t\t\t\t<\/div>\n\t\t<\/section>\n\t\t\t\t<section class=\"elementor-section elementor-top-section elementor-element elementor-element-3b8d040 elementor-section-full_width elementor-section-height-default elementor-section-height-default\" data-id=\"3b8d040\" data-element_type=\"section\" data-settings=\"{&quot;background_background&quot;:&quot;classic&quot;}\">\n\t\t\t\t\t\t<div class=\"elementor-container elementor-column-gap-no\">\n\t\t\t\t\t<div class=\"elementor-column elementor-col-100 elementor-top-column elementor-element elementor-element-af6862e\" data-id=\"af6862e\" data-element_type=\"column\">\n\t\t\t<div class=\"elementor-widget-wrap elementor-element-populated\">\n\t\t\t\t\t\t<div class=\"elementor-element elementor-element-24e8ad6 elementor-widget-tablet__width-initial elementor-widget-divider--view-line elementor-widget elementor-widget-divider\" data-id=\"24e8ad6\" data-element_type=\"widget\" data-widget_type=\"divider.default\">\n\t\t\t\t<div class=\"elementor-widget-container\">\n\t\t\t\t\t<div class=\"elementor-divider\">\n\t\t\t<span class=\"elementor-divider-separator\">\n\t\t\t\t\t\t<\/span>\n\t\t<\/div>\n\t\t\t\t<\/div>\n\t\t\t\t<\/div>\n\t\t\t\t\t<\/div>\n\t\t<\/div>\n\t\t\t\t\t<\/div>\n\t\t<\/section>\n\t\t\t\t<section class=\"elementor-section elementor-top-section elementor-element elementor-element-7695fc2 elementor-section-boxed elementor-section-height-default elementor-section-height-default\" data-id=\"7695fc2\" data-element_type=\"section\">\n\t\t\t\t\t\t<div class=\"elementor-container elementor-column-gap-default\">\n\t\t\t\t\t<div class=\"elementor-column elementor-col-100 elementor-top-column elementor-element elementor-element-eb69afb\" data-id=\"eb69afb\" data-element_type=\"column\">\n\t\t\t<div class=\"elementor-widget-wrap elementor-element-populated\">\n\t\t\t\t\t\t<div class=\"elementor-element elementor-element-419355b elementor-widget elementor-widget-heading\" data-id=\"419355b\" data-element_type=\"widget\" data-widget_type=\"heading.default\">\n\t\t\t\t<div class=\"elementor-widget-container\">\n\t\t\t<h2 class=\"elementor-heading-title elementor-size-default\">Bienvenue sur notre site<\/h2>\t\t<\/div>\n\t\t\t\t<\/div>\n\t\t\t\t\t<\/div>\n\t\t<\/div>\n\t\t\t\t\t<\/div>\n\t\t<\/section>\n\t\t\t\t<section class=\"elementor-section elementor-top-section elementor-element elementor-element-6d29fce elementor-section-boxed elementor-section-height-default elementor-section-height-default\" data-id=\"6d29fce\" data-element_type=\"section\">\n\t\t\t\t\t\t<div class=\"elementor-container elementor-column-gap-default\">\n\t\t\t\t\t<div class=\"elementor-column elementor-col-100 elementor-top-column elementor-element elementor-element-d73d07c\" data-id=\"d73d07c\" data-element_type=\"column\">\n\t\t\t<div class=\"elementor-widget-wrap elementor-element-populated\">\n\t\t\t\t\t\t<div class=\"elementor-element elementor-element-83a0c67 elementor-widget elementor-widget-text-editor\" data-id=\"83a0c67\" data-element_type=\"widget\" data-widget_type=\"text-editor.default\">\n\t\t\t\t<div class=\"elementor-widget-container\">\n\t\t\t\t\t\t\t<p>Notre complexe de bungalows \u00e0 gestion familiale se trouve directement sur la plage de Grand Anse, sur la deuxi\u00e8me plus grande \u00eele des Seychelles, Praslin. Depuis l&#8217;\u00eele principale de Mah\u00e9, vous pouvez rejoindre Praslin en avion ou avec le ferry Cat Cocos.<\/p><p>Un arr\u00eat de bus se trouve directement devant notre \u00e9tablissement. Avec le bus, vous pouvez atteindre facilement presque tous les points de l&#8217;\u00eele. Nous pouvons \u00e9galement vous organiser une location de voiture ou de v\u00e9lo. Dans les environs imm\u00e9diats, vous trouverez diff\u00e9rents magasins et restaurants.<\/p><p>Sur l&#8217;\u00eele se trouve le parc national de la Vall\u00e9e de Mai. C&#8217;est ici que poussent les c\u00e9l\u00e8bres palmiers des Seychelles avec les plus grosses graines du monde, le coco de mer. La visite du parc national fait partie des exp\u00e9riences les plus impressionnantes de Praslin.<\/p>\t\t\t\t\t\t<\/div>\n\t\t\t\t<\/div>\n\t\t\t\t\t<\/div>\n\t\t<\/div>\n\t\t\t\t\t<\/div>\n\t\t<\/section>\n\t\t\t\t<section class=\"elementor-section elementor-top-section elementor-element elementor-element-d439256 elementor-section-boxed elementor-section-height-default elementor-section-height-default\" data-id=\"d439256\" data-element_type=\"section\">\n\t\t\t\t\t\t<div class=\"elementor-container elementor-column-gap-default\">\n\t\t\t\t\t<div class=\"elementor-column elementor-col-33 elementor-top-column elementor-element elementor-element-3cbc7e1\" data-id=\"3cbc7e1\" data-element_type=\"column\" data-settings=\"{&quot;background_background&quot;:&quot;classic&quot;}\">\n\t\t\t<div class=\"elementor-widget-wrap elementor-element-populated\">\n\t\t\t\t\t\t<div class=\"elementor-element elementor-element-3667bfb elementor-widget elementor-widget-heading\" data-id=\"3667bfb\" data-element_type=\"widget\" data-widget_type=\"heading.default\">\n\t\t\t\t<div class=\"elementor-widget-container\">\n\t\t\t<h2 class=\"elementor-heading-title elementor-size-default\">Maison d'h\u00f4te<\/h2>\t\t<\/div>\n\t\t\t\t<\/div>\n\t\t\t\t<div class=\"elementor-element elementor-element-59b3fea elementor-widget elementor-widget-image\" data-id=\"59b3fea\" data-element_type=\"widget\" data-widget_type=\"image.default\">\n\t\t\t\t<div class=\"elementor-widget-container\">\n\t\t\t\t\t\t\t\t\t\t\t\t\t<img decoding=\"async\" width=\"1024\" height=\"768\" src=\"https:\/\/www.beach-villa-sportfishing.com\/wp-content\/uploads\/2022\/01\/IMG-20190730-WA0031-1024x768.jpg\" class=\"attachment-large size-large wp-image-258\" alt=\"\" srcset=\"https:\/\/www.beach-villa-sportfishing.com\/wp-content\/uploads\/2022\/01\/IMG-20190730-WA0031-1024x768.jpg 1024w, https:\/\/www.beach-villa-sportfishing.com\/wp-content\/uploads\/2022\/01\/IMG-20190730-WA0031-300x225.jpg 300w, https:\/\/www.beach-villa-sportfishing.com\/wp-content\/uploads\/2022\/01\/IMG-20190730-WA0031-768x576.jpg 768w, https:\/\/www.beach-villa-sportfishing.com\/wp-content\/uploads\/2022\/01\/IMG-20190730-WA0031-250x0.jpg 250w, https:\/\/www.beach-villa-sportfishing.com\/wp-content\/uploads\/2022\/01\/IMG-20190730-WA0031-350x0.jpg 350w, https:\/\/www.beach-villa-sportfishing.com\/wp-content\/uploads\/2022\/01\/IMG-20190730-WA0031-373x0.jpg 373w, https:\/\/www.beach-villa-sportfishing.com\/wp-content\/uploads\/2022\/01\/IMG-20190730-WA0031-380x0.jpg 380w, https:\/\/www.beach-villa-sportfishing.com\/wp-content\/uploads\/2022\/01\/IMG-20190730-WA0031-400x0.jpg 400w, https:\/\/www.beach-villa-sportfishing.com\/wp-content\/uploads\/2022\/01\/IMG-20190730-WA0031.jpg 1280w\" sizes=\"(max-width: 1024px) 100vw, 1024px\" \/>\t\t\t\t\t\t\t\t\t\t\t\t\t<\/div>\n\t\t\t\t<\/div>\n\t\t\t\t<div class=\"elementor-element elementor-element-6b919a0 elementor-widget elementor-widget-text-editor\" data-id=\"6b919a0\" data-element_type=\"widget\" data-widget_type=\"text-editor.default\">\n\t\t\t\t<div class=\"elementor-widget-container\">\n\t\t\t\t\t\t\t<p>Notre complexe dispose de neuf bungalows am\u00e9nag\u00e9s avec soin. Nos chambres peuvent \u00eatre occup\u00e9es par 2 \u00e0 4 personnes. Vous trouverez plus d&#8217;informations ici&#8230;<\/p>\t\t\t\t\t\t<\/div>\n\t\t\t\t<\/div>\n\t\t\t\t\t<\/div>\n\t\t<\/div>\n\t\t\t\t<div class=\"elementor-column elementor-col-33 elementor-top-column elementor-element elementor-element-b55d310\" data-id=\"b55d310\" data-element_type=\"column\" data-settings=\"{&quot;background_background&quot;:&quot;classic&quot;}\">\n\t\t\t<div class=\"elementor-widget-wrap elementor-element-populated\">\n\t\t\t\t\t\t<div class=\"elementor-element elementor-element-62dd117 elementor-widget elementor-widget-heading\" data-id=\"62dd117\" data-element_type=\"widget\" data-widget_type=\"heading.default\">\n\t\t\t\t<div class=\"elementor-widget-container\">\n\t\t\t<h2 class=\"elementor-heading-title elementor-size-default\">P\u00eache sportive<\/h2>\t\t<\/div>\n\t\t\t\t<\/div>\n\t\t\t\t<div class=\"elementor-element elementor-element-11df9b8 elementor-widget elementor-widget-image\" data-id=\"11df9b8\" data-element_type=\"widget\" data-widget_type=\"image.default\">\n\t\t\t\t<div class=\"elementor-widget-container\">\n\t\t\t\t\t\t\t\t\t\t\t\t\t<img decoding=\"async\" width=\"1024\" height=\"768\" src=\"https:\/\/www.beach-villa-sportfishing.com\/wp-content\/uploads\/2022\/01\/IMG-20190730-WA0005.jpg\" class=\"attachment-large size-large wp-image-215\" alt=\"\" srcset=\"https:\/\/www.beach-villa-sportfishing.com\/wp-content\/uploads\/2022\/01\/IMG-20190730-WA0005.jpg 1024w, https:\/\/www.beach-villa-sportfishing.com\/wp-content\/uploads\/2022\/01\/IMG-20190730-WA0005-300x225.jpg 300w, https:\/\/www.beach-villa-sportfishing.com\/wp-content\/uploads\/2022\/01\/IMG-20190730-WA0005-768x576.jpg 768w\" sizes=\"(max-width: 1024px) 100vw, 1024px\" \/>\t\t\t\t\t\t\t\t\t\t\t\t\t<\/div>\n\t\t\t\t<\/div>\n\t\t\t\t<div class=\"elementor-element elementor-element-ce93197 elementor-widget elementor-widget-text-editor\" data-id=\"ce93197\" data-element_type=\"widget\" data-widget_type=\"text-editor.default\">\n\t\t\t\t<div class=\"elementor-widget-container\">\n\t\t\t\t\t\t\t<p>Notre offre de p\u00eache sportive, que nous pratiquons avec nos bateaux Albemarlin et Venture, est tr\u00e8s appr\u00e9ci\u00e9e. Pour plus d&#8217;informations, cliquez ici&#8230;<\/p>\t\t\t\t\t\t<\/div>\n\t\t\t\t<\/div>\n\t\t\t\t\t<\/div>\n\t\t<\/div>\n\t\t\t\t<div class=\"elementor-column elementor-col-33 elementor-top-column elementor-element elementor-element-a4396cf\" data-id=\"a4396cf\" data-element_type=\"column\" data-settings=\"{&quot;background_background&quot;:&quot;classic&quot;}\">\n\t\t\t<div class=\"elementor-widget-wrap elementor-element-populated\">\n\t\t\t\t\t\t<div class=\"elementor-element elementor-element-2ee33a8 elementor-widget elementor-widget-heading\" data-id=\"2ee33a8\" data-element_type=\"widget\" data-widget_type=\"heading.default\">\n\t\t\t\t<div class=\"elementor-widget-container\">\n\t\t\t<h2 class=\"elementor-heading-title elementor-size-default\">Tours<\/h2>\t\t<\/div>\n\t\t\t\t<\/div>\n\t\t\t\t<div class=\"elementor-element elementor-element-41c9499 elementor-widget elementor-widget-image\" data-id=\"41c9499\" data-element_type=\"widget\" data-widget_type=\"image.default\">\n\t\t\t\t<div class=\"elementor-widget-container\">\n\t\t\t\t\t\t\t\t\t\t\t\t\t<img loading=\"lazy\" decoding=\"async\" width=\"1024\" height=\"768\" src=\"https:\/\/www.beach-villa-sportfishing.com\/wp-content\/uploads\/2022\/01\/IMG-20190730-WA0022.jpg\" class=\"attachment-large size-large wp-image-230\" alt=\"\" srcset=\"https:\/\/www.beach-villa-sportfishing.com\/wp-content\/uploads\/2022\/01\/IMG-20190730-WA0022.jpg 1024w, https:\/\/www.beach-villa-sportfishing.com\/wp-content\/uploads\/2022\/01\/IMG-20190730-WA0022-300x225.jpg 300w, https:\/\/www.beach-villa-sportfishing.com\/wp-content\/uploads\/2022\/01\/IMG-20190730-WA0022-768x576.jpg 768w\" sizes=\"(max-width: 1024px) 100vw, 1024px\" \/>\t\t\t\t\t\t\t\t\t\t\t\t\t<\/div>\n\t\t\t\t<\/div>\n\t\t\t\t<div class=\"elementor-element elementor-element-bcfcaba elementor-widget elementor-widget-text-editor\" data-id=\"bcfcaba\" data-element_type=\"widget\" data-widget_type=\"text-editor.default\">\n\t\t\t\t<div class=\"elementor-widget-container\">\n\t\t\t\t\t\t\t<p>D\u00e9couvrez la nature unique des Seychelles lors de nos excursions. Pour plus d&#8217;informations sur nos portes, cliquez ici&#8230;<\/p>\t\t\t\t\t\t<\/div>\n\t\t\t\t<\/div>\n\t\t\t\t\t<\/div>\n\t\t<\/div>\n\t\t\t\t\t<\/div>\n\t\t<\/section>\n\t\t\t\t<\/div>\n\t\t","protected":false},"excerpt":{"rendered":"<p>BIENVENUE Bienvenue sur notre site Notre complexe de bungalows \u00e0 gestion familiale se trouve directement sur la plage de Grand Anse, sur la deuxi\u00e8me plus grande \u00eele des Seychelles, Praslin. Depuis l&#8217;\u00eele principale de Mah\u00e9, vous pouvez rejoindre Praslin en avion ou avec le ferry Cat Cocos. Un arr\u00eat de bus se trouve directement devant&hellip;&nbsp;<a href=\"https:\/\/www.beach-villa-sportfishing.com\/index.php\/fr\/beach-villa-guesthouse-vacances-aux-seychelles\/\" class=\"\" rel=\"bookmark\">Read More &raquo;<span class=\"screen-reader-text\">Vacances aux Seychelles dans la Beach Villa Guesthouse \u00e0 Praslin<\/span><\/a><\/p>\n","protected":false},"author":1,"featured_media":0,"parent":0,"menu_order":0,"comment_status":"closed","ping_status":"closed","template":"page-templates\/template-pagebuilder-full-width.php","meta":{"neve_meta_sidebar":"","neve_meta_container":"full-width","neve_meta_enable_content_width":"","neve_meta_content_width":0,"neve_meta_title_alignment":"","neve_meta_author_avatar":"","neve_post_elements_order":"","neve_meta_disable_header":"off","neve_meta_disable_footer":"off","neve_meta_disable_title":"on","footnotes":""},"class_list":["post-2124","page","type-page","status-publish","hentry"],"yoast_head":"<!-- This site is optimized with the Yoast SEO plugin v25.6 - https:\/\/yoast.com\/wordpress\/plugins\/seo\/ -->\n<title>Vacances aux Seychelles dans la Beach Villa Guesthouse \u00e0 Praslin -<\/title>\n<meta name=\"description\" content=\"Vacances aux Seychelles, vivez l&#039;ambiance calme et familiale directement sur la plage de l&#039;\u00eele de Praslin\" \/>\n<meta name=\"robots\" content=\"index, follow, max-snippet:-1, max-image-preview:large, max-video-preview:-1\" \/>\n<link rel=\"canonical\" href=\"https:\/\/www.beach-villa-sportfishing.com\/index.php\/fr\/beach-villa-guesthouse-vacances-aux-seychelles\/\" \/>\n<meta property=\"og:locale\" content=\"en_GB\" \/>\n<meta property=\"og:type\" content=\"article\" \/>\n<meta property=\"og:title\" content=\"Vacances aux Seychelles dans la Beach Villa Guesthouse \u00e0 Praslin -\" \/>\n<meta property=\"og:description\" content=\"Vacances aux Seychelles, vivez l&#039;ambiance calme et familiale directement sur la plage de l&#039;\u00eele de Praslin\" \/>\n<meta property=\"og:url\" content=\"https:\/\/www.beach-villa-sportfishing.com\/index.php\/fr\/beach-villa-guesthouse-vacances-aux-seychelles\/\" \/>\n<meta property=\"article:modified_time\" content=\"2024-10-07T05:09:20+00:00\" \/>\n<meta property=\"og:image\" content=\"https:\/\/www.beach-villa-sportfishing.com\/wp-content\/uploads\/2023\/02\/startseite.jpg\" \/>\n<meta name=\"twitter:card\" content=\"summary_large_image\" \/>\n<meta name=\"twitter:label1\" content=\"Estimated reading time\" \/>\n\t<meta name=\"twitter:data1\" content=\"2 minutes\" \/>\n<script type=\"application\/ld+json\" class=\"yoast-schema-graph\">{\"@context\":\"https:\/\/schema.org\",\"@graph\":[{\"@type\":\"WebPage\",\"@id\":\"https:\/\/www.beach-villa-sportfishing.com\/index.php\/fr\/beach-villa-guesthouse-vacances-aux-seychelles\/\",\"url\":\"https:\/\/www.beach-villa-sportfishing.com\/index.php\/fr\/beach-villa-guesthouse-vacances-aux-seychelles\/\",\"name\":\"Vacances aux Seychelles dans la Beach Villa Guesthouse \u00e0 Praslin -\",\"isPartOf\":{\"@id\":\"https:\/\/www.beach-villa-sportfishing.com\/#website\"},\"primaryImageOfPage\":{\"@id\":\"https:\/\/www.beach-villa-sportfishing.com\/index.php\/fr\/beach-villa-guesthouse-vacances-aux-seychelles\/#primaryimage\"},\"image\":{\"@id\":\"https:\/\/www.beach-villa-sportfishing.com\/index.php\/fr\/beach-villa-guesthouse-vacances-aux-seychelles\/#primaryimage\"},\"thumbnailUrl\":\"https:\/\/www.beach-villa-sportfishing.com\/wp-content\/uploads\/2023\/02\/startseite.jpg\",\"datePublished\":\"2022-10-03T15:02:00+00:00\",\"dateModified\":\"2024-10-07T05:09:20+00:00\",\"description\":\"Vacances aux Seychelles, vivez l'ambiance calme et familiale directement sur la plage de l'\u00eele de Praslin\",\"breadcrumb\":{\"@id\":\"https:\/\/www.beach-villa-sportfishing.com\/index.php\/fr\/beach-villa-guesthouse-vacances-aux-seychelles\/#breadcrumb\"},\"inLanguage\":\"en-GB\",\"potentialAction\":[{\"@type\":\"ReadAction\",\"target\":[\"https:\/\/www.beach-villa-sportfishing.com\/index.php\/fr\/beach-villa-guesthouse-vacances-aux-seychelles\/\"]}]},{\"@type\":\"ImageObject\",\"inLanguage\":\"en-GB\",\"@id\":\"https:\/\/www.beach-villa-sportfishing.com\/index.php\/fr\/beach-villa-guesthouse-vacances-aux-seychelles\/#primaryimage\",\"url\":\"https:\/\/www.beach-villa-sportfishing.com\/wp-content\/uploads\/2023\/02\/startseite.jpg\",\"contentUrl\":\"https:\/\/www.beach-villa-sportfishing.com\/wp-content\/uploads\/2023\/02\/startseite.jpg\",\"width\":1900,\"height\":595},{\"@type\":\"BreadcrumbList\",\"@id\":\"https:\/\/www.beach-villa-sportfishing.com\/index.php\/fr\/beach-villa-guesthouse-vacances-aux-seychelles\/#breadcrumb\",\"itemListElement\":[{\"@type\":\"ListItem\",\"position\":1,\"name\":\"Home\",\"item\":\"https:\/\/www.beach-villa-sportfishing.com\/index.php\/fr\/beach-villa-guesthouse-vacances-aux-seychelles\/\"},{\"@type\":\"ListItem\",\"position\":2,\"name\":\"Vacances aux Seychelles dans la Beach Villa Guesthouse \u00e0 Praslin\"}]},{\"@type\":\"WebSite\",\"@id\":\"https:\/\/www.beach-villa-sportfishing.com\/#website\",\"url\":\"https:\/\/www.beach-villa-sportfishing.com\/\",\"name\":\"Beach Villa Sportfishing\",\"description\":\"\",\"publisher\":{\"@id\":\"https:\/\/www.beach-villa-sportfishing.com\/#organization\"},\"potentialAction\":[{\"@type\":\"SearchAction\",\"target\":{\"@type\":\"EntryPoint\",\"urlTemplate\":\"https:\/\/www.beach-villa-sportfishing.com\/?s={search_term_string}\"},\"query-input\":{\"@type\":\"PropertyValueSpecification\",\"valueRequired\":true,\"valueName\":\"search_term_string\"}}],\"inLanguage\":\"en-GB\"},{\"@type\":\"Organization\",\"@id\":\"https:\/\/www.beach-villa-sportfishing.com\/#organization\",\"name\":\"Beach Villa Sportfishing\",\"url\":\"https:\/\/www.beach-villa-sportfishing.com\/\",\"logo\":{\"@type\":\"ImageObject\",\"inLanguage\":\"en-GB\",\"@id\":\"https:\/\/www.beach-villa-sportfishing.com\/#\/schema\/logo\/image\/\",\"url\":\"https:\/\/www.beach-villa-sportfishing.com\/wp-content\/uploads\/2022\/01\/cropped-logo_neu_2.png\",\"contentUrl\":\"https:\/\/www.beach-villa-sportfishing.com\/wp-content\/uploads\/2022\/01\/cropped-logo_neu_2.png\",\"width\":1000,\"height\":519,\"caption\":\"Beach Villa Sportfishing\"},\"image\":{\"@id\":\"https:\/\/www.beach-villa-sportfishing.com\/#\/schema\/logo\/image\/\"}}]}<\/script>\n<!-- \/ Yoast SEO plugin. -->","yoast_head_json":{"title":"Vacances aux Seychelles dans la Beach Villa Guesthouse \u00e0 Praslin -","description":"Vacances aux Seychelles, vivez l'ambiance calme et familiale directement sur la plage de l'\u00eele de Praslin","robots":{"index":"index","follow":"follow","max-snippet":"max-snippet:-1","max-image-preview":"max-image-preview:large","max-video-preview":"max-video-preview:-1"},"canonical":"https:\/\/www.beach-villa-sportfishing.com\/index.php\/fr\/beach-villa-guesthouse-vacances-aux-seychelles\/","og_locale":"en_GB","og_type":"article","og_title":"Vacances aux Seychelles dans la Beach Villa Guesthouse \u00e0 Praslin -","og_description":"Vacances aux Seychelles, vivez l'ambiance calme et familiale directement sur la plage de l'\u00eele de Praslin","og_url":"https:\/\/www.beach-villa-sportfishing.com\/index.php\/fr\/beach-villa-guesthouse-vacances-aux-seychelles\/","article_modified_time":"2024-10-07T05:09:20+00:00","og_image":[{"url":"https:\/\/www.beach-villa-sportfishing.com\/wp-content\/uploads\/2023\/02\/startseite.jpg","type":"","width":"","height":""}],"twitter_card":"summary_large_image","twitter_misc":{"Estimated reading time":"2 minutes"},"schema":{"@context":"https:\/\/schema.org","@graph":[{"@type":"WebPage","@id":"https:\/\/www.beach-villa-sportfishing.com\/index.php\/fr\/beach-villa-guesthouse-vacances-aux-seychelles\/","url":"https:\/\/www.beach-villa-sportfishing.com\/index.php\/fr\/beach-villa-guesthouse-vacances-aux-seychelles\/","name":"Vacances aux Seychelles dans la Beach Villa Guesthouse \u00e0 Praslin -","isPartOf":{"@id":"https:\/\/www.beach-villa-sportfishing.com\/#website"},"primaryImageOfPage":{"@id":"https:\/\/www.beach-villa-sportfishing.com\/index.php\/fr\/beach-villa-guesthouse-vacances-aux-seychelles\/#primaryimage"},"image":{"@id":"https:\/\/www.beach-villa-sportfishing.com\/index.php\/fr\/beach-villa-guesthouse-vacances-aux-seychelles\/#primaryimage"},"thumbnailUrl":"https:\/\/www.beach-villa-sportfishing.com\/wp-content\/uploads\/2023\/02\/startseite.jpg","datePublished":"2022-10-03T15:02:00+00:00","dateModified":"2024-10-07T05:09:20+00:00","description":"Vacances aux Seychelles, vivez l'ambiance calme et familiale directement sur la plage de l'\u00eele de Praslin","breadcrumb":{"@id":"https:\/\/www.beach-villa-sportfishing.com\/index.php\/fr\/beach-villa-guesthouse-vacances-aux-seychelles\/#breadcrumb"},"inLanguage":"en-GB","potentialAction":[{"@type":"ReadAction","target":["https:\/\/www.beach-villa-sportfishing.com\/index.php\/fr\/beach-villa-guesthouse-vacances-aux-seychelles\/"]}]},{"@type":"ImageObject","inLanguage":"en-GB","@id":"https:\/\/www.beach-villa-sportfishing.com\/index.php\/fr\/beach-villa-guesthouse-vacances-aux-seychelles\/#primaryimage","url":"https:\/\/www.beach-villa-sportfishing.com\/wp-content\/uploads\/2023\/02\/startseite.jpg","contentUrl":"https:\/\/www.beach-villa-sportfishing.com\/wp-content\/uploads\/2023\/02\/startseite.jpg","width":1900,"height":595},{"@type":"BreadcrumbList","@id":"https:\/\/www.beach-villa-sportfishing.com\/index.php\/fr\/beach-villa-guesthouse-vacances-aux-seychelles\/#breadcrumb","itemListElement":[{"@type":"ListItem","position":1,"name":"Home","item":"https:\/\/www.beach-villa-sportfishing.com\/index.php\/fr\/beach-villa-guesthouse-vacances-aux-seychelles\/"},{"@type":"ListItem","position":2,"name":"Vacances aux Seychelles dans la Beach Villa Guesthouse \u00e0 Praslin"}]},{"@type":"WebSite","@id":"https:\/\/www.beach-villa-sportfishing.com\/#website","url":"https:\/\/www.beach-villa-sportfishing.com\/","name":"Beach Villa Sportfishing","description":"","publisher":{"@id":"https:\/\/www.beach-villa-sportfishing.com\/#organization"},"potentialAction":[{"@type":"SearchAction","target":{"@type":"EntryPoint","urlTemplate":"https:\/\/www.beach-villa-sportfishing.com\/?s={search_term_string}"},"query-input":{"@type":"PropertyValueSpecification","valueRequired":true,"valueName":"search_term_string"}}],"inLanguage":"en-GB"},{"@type":"Organization","@id":"https:\/\/www.beach-villa-sportfishing.com\/#organization","name":"Beach Villa Sportfishing","url":"https:\/\/www.beach-villa-sportfishing.com\/","logo":{"@type":"ImageObject","inLanguage":"en-GB","@id":"https:\/\/www.beach-villa-sportfishing.com\/#\/schema\/logo\/image\/","url":"https:\/\/www.beach-villa-sportfishing.com\/wp-content\/uploads\/2022\/01\/cropped-logo_neu_2.png","contentUrl":"https:\/\/www.beach-villa-sportfishing.com\/wp-content\/uploads\/2022\/01\/cropped-logo_neu_2.png","width":1000,"height":519,"caption":"Beach Villa Sportfishing"},"image":{"@id":"https:\/\/www.beach-villa-sportfishing.com\/#\/schema\/logo\/image\/"}}]}},"_links":{"self":[{"href":"https:\/\/www.beach-villa-sportfishing.com\/index.php\/wp-json\/wp\/v2\/pages\/2124"}],"collection":[{"href":"https:\/\/www.beach-villa-sportfishing.com\/index.php\/wp-json\/wp\/v2\/pages"}],"about":[{"href":"https:\/\/www.beach-villa-sportfishing.com\/index.php\/wp-json\/wp\/v2\/types\/page"}],"author":[{"embeddable":true,"href":"https:\/\/www.beach-villa-sportfishing.com\/index.php\/wp-json\/wp\/v2\/users\/1"}],"replies":[{"embeddable":true,"href":"https:\/\/www.beach-villa-sportfishing.com\/index.php\/wp-json\/wp\/v2\/comments?post=2124"}],"version-history":[{"count":25,"href":"https:\/\/www.beach-villa-sportfishing.com\/index.php\/wp-json\/wp\/v2\/pages\/2124\/revisions"}],"predecessor-version":[{"id":3221,"href":"https:\/\/www.beach-villa-sportfishing.com\/index.php\/wp-json\/wp\/v2\/pages\/2124\/revisions\/3221"}],"wp:attachment":[{"href":"https:\/\/www.beach-villa-sportfishing.com\/index.php\/wp-json\/wp\/v2\/media?parent=2124"}],"curies":[{"name":"wp","href":"https:\/\/api.w.org\/{rel}","templated":true}]}}