{"id":1719,"date":"2022-09-27T15:59:56","date_gmt":"2022-09-27T15:59:56","guid":{"rendered":"https:\/\/www.beach-villa-sportfishing.com\/wordpress\/?page_id=1719"},"modified":"2024-10-06T14:18:06","modified_gmt":"2024-10-06T14:18:06","slug":"preise-2","status":"publish","type":"page","link":"https:\/\/www.beach-villa-sportfishing.com\/index.php\/de\/preise-2\/","title":{"rendered":"Preise"},"content":{"rendered":"\t\t<div data-elementor-type=\"wp-page\" data-elementor-id=\"1719\" class=\"elementor elementor-1719\">\n\t\t\t\t\t\t<section class=\"elementor-section elementor-top-section elementor-element elementor-element-ac2c4e3 elementor-section-full_width elementor-section-height-default elementor-section-height-default\" data-id=\"ac2c4e3\" data-element_type=\"section\">\n\t\t\t\t\t\t<div class=\"elementor-container elementor-column-gap-default\">\n\t\t\t\t\t<div class=\"elementor-column elementor-col-100 elementor-top-column elementor-element elementor-element-0fa3718\" data-id=\"0fa3718\" data-element_type=\"column\">\n\t\t\t<div class=\"elementor-widget-wrap elementor-element-populated\">\n\t\t\t\t\t\t<div class=\"elementor-element elementor-element-ccb2a2d elementor-widget elementor-widget-image\" data-id=\"ccb2a2d\" data-element_type=\"widget\" data-widget_type=\"image.default\">\n\t\t\t\t<div class=\"elementor-widget-container\">\n\t\t\t\t\t\t\t\t\t\t\t\t\t<img fetchpriority=\"high\" decoding=\"async\" width=\"1200\" height=\"376\" src=\"https:\/\/www.beach-villa-sportfishing.com\/wp-content\/uploads\/2023\/05\/back_price-1.jpg\" class=\"attachment-large size-large wp-image-2982\" alt=\"\" srcset=\"https:\/\/www.beach-villa-sportfishing.com\/wp-content\/uploads\/2023\/05\/back_price-1.jpg 1900w, https:\/\/www.beach-villa-sportfishing.com\/wp-content\/uploads\/2023\/05\/back_price-1-300x94.jpg 300w, https:\/\/www.beach-villa-sportfishing.com\/wp-content\/uploads\/2023\/05\/back_price-1-768x241.jpg 768w, https:\/\/www.beach-villa-sportfishing.com\/wp-content\/uploads\/2023\/05\/back_price-1-1536x481.jpg 1536w\" sizes=\"(max-width: 1200px) 100vw, 1200px\" \/>\t\t\t\t\t\t\t\t\t\t\t\t\t<\/div>\n\t\t\t\t<\/div>\n\t\t\t\t\t<\/div>\n\t\t<\/div>\n\t\t\t\t\t<\/div>\n\t\t<\/section>\n\t\t\t\t<section class=\"elementor-section elementor-top-section elementor-element elementor-element-24cdb32 elementor-section-full_width elementor-section-height-default elementor-section-height-default\" data-id=\"24cdb32\" data-element_type=\"section\" data-settings=\"{&quot;background_background&quot;:&quot;classic&quot;}\">\n\t\t\t\t\t\t<div class=\"elementor-container elementor-column-gap-no\">\n\t\t\t\t\t<div class=\"elementor-column elementor-col-100 elementor-top-column elementor-element elementor-element-e838e36\" data-id=\"e838e36\" data-element_type=\"column\" data-settings=\"{&quot;background_background&quot;:&quot;classic&quot;}\">\n\t\t\t<div class=\"elementor-widget-wrap elementor-element-populated\">\n\t\t\t\t\t\t<div class=\"elementor-element elementor-element-06689d9 elementor-widget-tablet__width-initial elementor-widget-divider--view-line elementor-widget elementor-widget-divider\" data-id=\"06689d9\" data-element_type=\"widget\" data-widget_type=\"divider.default\">\n\t\t\t\t<div class=\"elementor-widget-container\">\n\t\t\t\t\t<div class=\"elementor-divider\">\n\t\t\t<span class=\"elementor-divider-separator\">\n\t\t\t\t\t\t<\/span>\n\t\t<\/div>\n\t\t\t\t<\/div>\n\t\t\t\t<\/div>\n\t\t\t\t\t<\/div>\n\t\t<\/div>\n\t\t\t\t\t<\/div>\n\t\t<\/section>\n\t\t\t\t<section class=\"elementor-section elementor-top-section elementor-element elementor-element-d5fca18 elementor-reverse-tablet elementor-reverse-mobile elementor-section-boxed elementor-section-height-default elementor-section-height-default\" data-id=\"d5fca18\" data-element_type=\"section\" data-settings=\"{&quot;background_background&quot;:&quot;classic&quot;}\">\n\t\t\t\t\t\t<div class=\"elementor-container elementor-column-gap-default\">\n\t\t\t\t\t<div class=\"elementor-column elementor-col-100 elementor-top-column elementor-element elementor-element-ed7de25\" data-id=\"ed7de25\" data-element_type=\"column\">\n\t\t\t<div class=\"elementor-widget-wrap elementor-element-populated\">\n\t\t\t\t\t\t<div class=\"elementor-element elementor-element-6dea5ea elementor-widget elementor-widget-heading\" data-id=\"6dea5ea\" data-element_type=\"widget\" data-widget_type=\"heading.default\">\n\t\t\t\t<div class=\"elementor-widget-container\">\n\t\t\t<h2 class=\"elementor-heading-title elementor-size-default\">PREISE<\/h2>\t\t<\/div>\n\t\t\t\t<\/div>\n\t\t\t\t\t<\/div>\n\t\t<\/div>\n\t\t\t\t\t<\/div>\n\t\t<\/section>\n\t\t\t\t<section class=\"elementor-section elementor-top-section elementor-element elementor-element-9f7f0b0 elementor-section-boxed elementor-section-height-default elementor-section-height-default\" data-id=\"9f7f0b0\" data-element_type=\"section\">\n\t\t\t\t\t\t<div class=\"elementor-container elementor-column-gap-default\">\n\t\t\t\t\t<div class=\"elementor-column elementor-col-100 elementor-top-column elementor-element elementor-element-f5b06f9\" data-id=\"f5b06f9\" data-element_type=\"column\">\n\t\t\t<div class=\"elementor-widget-wrap elementor-element-populated\">\n\t\t\t\t\t\t<div class=\"elementor-element elementor-element-ef80a05 elementor-widget elementor-widget-text-editor\" data-id=\"ef80a05\" data-element_type=\"widget\" data-widget_type=\"text-editor.default\">\n\t\t\t\t<div class=\"elementor-widget-container\">\n\t\t\t\t\t\t\t<p><span style=\"background-color: var(--nv-site-bg); color: var(--nv-text-color); letter-spacing: var(--bodyletterspacing); text-transform: var(--bodytexttransform);\">Unsere Zimmer sind mit Dusche, WC, F\u00f6n, Klimaanlage, Deckenventilator, Minik\u00fchlschrank, Safe, Kabel-TV, Telefon (nur Ortsgespr\u00e4che) und unbegrenztem WLAN (gegen Geb\u00fchr) ausgestattet. Die Zimmer haben auch eine kleine Terrasse mit Meerblick.<\/span><\/p>\t\t\t\t\t\t<\/div>\n\t\t\t\t<\/div>\n\t\t\t\t\t<\/div>\n\t\t<\/div>\n\t\t\t\t\t<\/div>\n\t\t<\/section>\n\t\t\t\t<section class=\"elementor-section elementor-top-section elementor-element elementor-element-2c1bef8 elementor-reverse-tablet elementor-reverse-mobile elementor-section-boxed elementor-section-height-default elementor-section-height-default\" data-id=\"2c1bef8\" data-element_type=\"section\">\n\t\t\t\t\t\t<div class=\"elementor-container elementor-column-gap-default\">\n\t\t\t\t\t<div class=\"elementor-column elementor-col-100 elementor-top-column elementor-element elementor-element-d0f0865\" data-id=\"d0f0865\" data-element_type=\"column\">\n\t\t\t<div class=\"elementor-widget-wrap elementor-element-populated\">\n\t\t\t\t\t\t<div class=\"elementor-element elementor-element-77130a8 elementor-widget-tablet__width-initial elementor-widget-mobile__width-initial elementor-widget__width-initial elementor-widget elementor-widget-text-editor\" data-id=\"77130a8\" data-element_type=\"widget\" data-widget_type=\"text-editor.default\">\n\t\t\t\t<div class=\"elementor-widget-container\">\n\t\t\t\t\t\t\t<p>Einzelzimmer<br>Doppelzimmer<br>Kinder bis 11 Jahre<\/p>\n<p>Familien Bungalow:<br>4 Erwachsene<br>3 Erwachsene<br>2 Erwachsene + 2 Kinder&nbsp;<br><span style=\"background-color: var(--nv-site-bg); color: var(--nv-text-color); letter-spacing: var(--bodyletterspacing); text-transform: var(--bodytexttransform);\">( bis 11 Jahre)<\/span><\/p>\n<p><\/p>\t\t\t\t\t\t<\/div>\n\t\t\t\t<\/div>\n\t\t\t\t<div class=\"elementor-element elementor-element-2f99552 elementor-widget__width-initial elementor-widget-tablet__width-initial elementor-widget-mobile__width-initial elementor-widget elementor-widget-text-editor\" data-id=\"2f99552\" data-element_type=\"widget\" data-widget_type=\"text-editor.default\">\n\t\t\t\t<div class=\"elementor-widget-container\">\n\t\t\t\t\t\t\t<p>108,00 \u20ac<br>138,00 \u20ac<br>36,00 \u20ac<\/p>\n<p><br>252,00 \u20ac<br>224,00 \u20ac<br>204,00 \u20ac<\/p>\n<p><\/p>\t\t\t\t\t\t<\/div>\n\t\t\t\t<\/div>\n\t\t\t\t\t<\/div>\n\t\t<\/div>\n\t\t\t\t\t<\/div>\n\t\t<\/section>\n\t\t\t\t<\/div>\n\t\t","protected":false},"excerpt":{"rendered":"<p>PREISE Unsere Zimmer sind mit Dusche, WC, F\u00f6n, Klimaanlage, Deckenventilator, Minik\u00fchlschrank, Safe, Kabel-TV, Telefon (nur Ortsgespr\u00e4che) und unbegrenztem WLAN (gegen Geb\u00fchr) ausgestattet. Die Zimmer haben auch eine kleine Terrasse mit Meerblick. EinzelzimmerDoppelzimmerKinder bis 11 Jahre Familien Bungalow:4 Erwachsene3 Erwachsene2 Erwachsene + 2 Kinder&nbsp;( bis 11 Jahre) 108,00 \u20ac138,00 \u20ac36,00 \u20ac 252,00 \u20ac224,00 \u20ac204,00 \u20ac<\/p>\n","protected":false},"author":1,"featured_media":0,"parent":0,"menu_order":0,"comment_status":"closed","ping_status":"closed","template":"page-templates\/template-pagebuilder-full-width.php","meta":{"neve_meta_sidebar":"","neve_meta_container":"full-width","neve_meta_enable_content_width":"","neve_meta_content_width":0,"neve_meta_title_alignment":"","neve_meta_author_avatar":"","neve_post_elements_order":"","neve_meta_disable_header":"","neve_meta_disable_footer":"","neve_meta_disable_title":"on","footnotes":""},"class_list":["post-1719","page","type-page","status-publish","hentry"],"yoast_head":"<!-- This site is optimized with the Yoast SEO plugin v25.6 - https:\/\/yoast.com\/wordpress\/plugins\/seo\/ -->\n<title>Preise -<\/title>\n<meta name=\"description\" content=\"Unsere Preisliste f\u00fcr \u00dcbernachtungen in unserem G\u00e4stehaus. Unsere Angebote sind dauerhaft g\u00fcnstig. Wir bieten verschiedene Zimmerbelegungen.\" \/>\n<meta name=\"robots\" content=\"index, follow, max-snippet:-1, max-image-preview:large, max-video-preview:-1\" \/>\n<link rel=\"canonical\" href=\"https:\/\/www.beach-villa-sportfishing.com\/index.php\/de\/preise-2\/\" \/>\n<meta property=\"og:locale\" content=\"en_GB\" \/>\n<meta property=\"og:type\" content=\"article\" \/>\n<meta property=\"og:title\" content=\"Preise -\" \/>\n<meta property=\"og:description\" content=\"Unsere Preisliste f\u00fcr \u00dcbernachtungen in unserem G\u00e4stehaus. Unsere Angebote sind dauerhaft g\u00fcnstig. Wir bieten verschiedene Zimmerbelegungen.\" \/>\n<meta property=\"og:url\" content=\"https:\/\/www.beach-villa-sportfishing.com\/index.php\/de\/preise-2\/\" \/>\n<meta property=\"article:modified_time\" content=\"2024-10-06T14:18:06+00:00\" \/>\n<meta property=\"og:image\" content=\"https:\/\/www.beach-villa-sportfishing.com\/wp-content\/uploads\/2023\/05\/back_price-1.jpg\" \/>\n<meta name=\"twitter:card\" content=\"summary_large_image\" \/>\n<meta name=\"twitter:label1\" content=\"Estimated reading time\" \/>\n\t<meta name=\"twitter:data1\" content=\"1 minute\" \/>\n<script type=\"application\/ld+json\" class=\"yoast-schema-graph\">{\"@context\":\"https:\/\/schema.org\",\"@graph\":[{\"@type\":\"WebPage\",\"@id\":\"https:\/\/www.beach-villa-sportfishing.com\/index.php\/de\/preise-2\/\",\"url\":\"https:\/\/www.beach-villa-sportfishing.com\/index.php\/de\/preise-2\/\",\"name\":\"Preise -\",\"isPartOf\":{\"@id\":\"https:\/\/www.beach-villa-sportfishing.com\/#website\"},\"primaryImageOfPage\":{\"@id\":\"https:\/\/www.beach-villa-sportfishing.com\/index.php\/de\/preise-2\/#primaryimage\"},\"image\":{\"@id\":\"https:\/\/www.beach-villa-sportfishing.com\/index.php\/de\/preise-2\/#primaryimage\"},\"thumbnailUrl\":\"https:\/\/www.beach-villa-sportfishing.com\/wp-content\/uploads\/2023\/05\/back_price-1.jpg\",\"datePublished\":\"2022-09-27T15:59:56+00:00\",\"dateModified\":\"2024-10-06T14:18:06+00:00\",\"description\":\"Unsere Preisliste f\u00fcr \u00dcbernachtungen in unserem G\u00e4stehaus. Unsere Angebote sind dauerhaft g\u00fcnstig. Wir bieten verschiedene Zimmerbelegungen.\",\"breadcrumb\":{\"@id\":\"https:\/\/www.beach-villa-sportfishing.com\/index.php\/de\/preise-2\/#breadcrumb\"},\"inLanguage\":\"en-GB\",\"potentialAction\":[{\"@type\":\"ReadAction\",\"target\":[\"https:\/\/www.beach-villa-sportfishing.com\/index.php\/de\/preise-2\/\"]}]},{\"@type\":\"ImageObject\",\"inLanguage\":\"en-GB\",\"@id\":\"https:\/\/www.beach-villa-sportfishing.com\/index.php\/de\/preise-2\/#primaryimage\",\"url\":\"https:\/\/www.beach-villa-sportfishing.com\/wp-content\/uploads\/2023\/05\/back_price-1.jpg\",\"contentUrl\":\"https:\/\/www.beach-villa-sportfishing.com\/wp-content\/uploads\/2023\/05\/back_price-1.jpg\",\"width\":1900,\"height\":595},{\"@type\":\"BreadcrumbList\",\"@id\":\"https:\/\/www.beach-villa-sportfishing.com\/index.php\/de\/preise-2\/#breadcrumb\",\"itemListElement\":[{\"@type\":\"ListItem\",\"position\":1,\"name\":\"Home\",\"item\":\"https:\/\/www.beach-villa-sportfishing.com\/index.php\/fr\/beach-villa-guesthouse-vacances-aux-seychelles\/\"},{\"@type\":\"ListItem\",\"position\":2,\"name\":\"Preise\"}]},{\"@type\":\"WebSite\",\"@id\":\"https:\/\/www.beach-villa-sportfishing.com\/#website\",\"url\":\"https:\/\/www.beach-villa-sportfishing.com\/\",\"name\":\"Beach Villa Sportfishing\",\"description\":\"\",\"publisher\":{\"@id\":\"https:\/\/www.beach-villa-sportfishing.com\/#organization\"},\"potentialAction\":[{\"@type\":\"SearchAction\",\"target\":{\"@type\":\"EntryPoint\",\"urlTemplate\":\"https:\/\/www.beach-villa-sportfishing.com\/?s={search_term_string}\"},\"query-input\":{\"@type\":\"PropertyValueSpecification\",\"valueRequired\":true,\"valueName\":\"search_term_string\"}}],\"inLanguage\":\"en-GB\"},{\"@type\":\"Organization\",\"@id\":\"https:\/\/www.beach-villa-sportfishing.com\/#organization\",\"name\":\"Beach Villa Sportfishing\",\"url\":\"https:\/\/www.beach-villa-sportfishing.com\/\",\"logo\":{\"@type\":\"ImageObject\",\"inLanguage\":\"en-GB\",\"@id\":\"https:\/\/www.beach-villa-sportfishing.com\/#\/schema\/logo\/image\/\",\"url\":\"https:\/\/www.beach-villa-sportfishing.com\/wp-content\/uploads\/2022\/01\/cropped-logo_neu_2.png\",\"contentUrl\":\"https:\/\/www.beach-villa-sportfishing.com\/wp-content\/uploads\/2022\/01\/cropped-logo_neu_2.png\",\"width\":1000,\"height\":519,\"caption\":\"Beach Villa Sportfishing\"},\"image\":{\"@id\":\"https:\/\/www.beach-villa-sportfishing.com\/#\/schema\/logo\/image\/\"}}]}<\/script>\n<!-- \/ Yoast SEO plugin. -->","yoast_head_json":{"title":"Preise -","description":"Unsere Preisliste f\u00fcr \u00dcbernachtungen in unserem G\u00e4stehaus. Unsere Angebote sind dauerhaft g\u00fcnstig. Wir bieten verschiedene Zimmerbelegungen.","robots":{"index":"index","follow":"follow","max-snippet":"max-snippet:-1","max-image-preview":"max-image-preview:large","max-video-preview":"max-video-preview:-1"},"canonical":"https:\/\/www.beach-villa-sportfishing.com\/index.php\/de\/preise-2\/","og_locale":"en_GB","og_type":"article","og_title":"Preise -","og_description":"Unsere Preisliste f\u00fcr \u00dcbernachtungen in unserem G\u00e4stehaus. Unsere Angebote sind dauerhaft g\u00fcnstig. Wir bieten verschiedene Zimmerbelegungen.","og_url":"https:\/\/www.beach-villa-sportfishing.com\/index.php\/de\/preise-2\/","article_modified_time":"2024-10-06T14:18:06+00:00","og_image":[{"url":"https:\/\/www.beach-villa-sportfishing.com\/wp-content\/uploads\/2023\/05\/back_price-1.jpg","type":"","width":"","height":""}],"twitter_card":"summary_large_image","twitter_misc":{"Estimated reading time":"1 minute"},"schema":{"@context":"https:\/\/schema.org","@graph":[{"@type":"WebPage","@id":"https:\/\/www.beach-villa-sportfishing.com\/index.php\/de\/preise-2\/","url":"https:\/\/www.beach-villa-sportfishing.com\/index.php\/de\/preise-2\/","name":"Preise -","isPartOf":{"@id":"https:\/\/www.beach-villa-sportfishing.com\/#website"},"primaryImageOfPage":{"@id":"https:\/\/www.beach-villa-sportfishing.com\/index.php\/de\/preise-2\/#primaryimage"},"image":{"@id":"https:\/\/www.beach-villa-sportfishing.com\/index.php\/de\/preise-2\/#primaryimage"},"thumbnailUrl":"https:\/\/www.beach-villa-sportfishing.com\/wp-content\/uploads\/2023\/05\/back_price-1.jpg","datePublished":"2022-09-27T15:59:56+00:00","dateModified":"2024-10-06T14:18:06+00:00","description":"Unsere Preisliste f\u00fcr \u00dcbernachtungen in unserem G\u00e4stehaus. Unsere Angebote sind dauerhaft g\u00fcnstig. Wir bieten verschiedene Zimmerbelegungen.","breadcrumb":{"@id":"https:\/\/www.beach-villa-sportfishing.com\/index.php\/de\/preise-2\/#breadcrumb"},"inLanguage":"en-GB","potentialAction":[{"@type":"ReadAction","target":["https:\/\/www.beach-villa-sportfishing.com\/index.php\/de\/preise-2\/"]}]},{"@type":"ImageObject","inLanguage":"en-GB","@id":"https:\/\/www.beach-villa-sportfishing.com\/index.php\/de\/preise-2\/#primaryimage","url":"https:\/\/www.beach-villa-sportfishing.com\/wp-content\/uploads\/2023\/05\/back_price-1.jpg","contentUrl":"https:\/\/www.beach-villa-sportfishing.com\/wp-content\/uploads\/2023\/05\/back_price-1.jpg","width":1900,"height":595},{"@type":"BreadcrumbList","@id":"https:\/\/www.beach-villa-sportfishing.com\/index.php\/de\/preise-2\/#breadcrumb","itemListElement":[{"@type":"ListItem","position":1,"name":"Home","item":"https:\/\/www.beach-villa-sportfishing.com\/index.php\/fr\/beach-villa-guesthouse-vacances-aux-seychelles\/"},{"@type":"ListItem","position":2,"name":"Preise"}]},{"@type":"WebSite","@id":"https:\/\/www.beach-villa-sportfishing.com\/#website","url":"https:\/\/www.beach-villa-sportfishing.com\/","name":"Beach Villa Sportfishing","description":"","publisher":{"@id":"https:\/\/www.beach-villa-sportfishing.com\/#organization"},"potentialAction":[{"@type":"SearchAction","target":{"@type":"EntryPoint","urlTemplate":"https:\/\/www.beach-villa-sportfishing.com\/?s={search_term_string}"},"query-input":{"@type":"PropertyValueSpecification","valueRequired":true,"valueName":"search_term_string"}}],"inLanguage":"en-GB"},{"@type":"Organization","@id":"https:\/\/www.beach-villa-sportfishing.com\/#organization","name":"Beach Villa Sportfishing","url":"https:\/\/www.beach-villa-sportfishing.com\/","logo":{"@type":"ImageObject","inLanguage":"en-GB","@id":"https:\/\/www.beach-villa-sportfishing.com\/#\/schema\/logo\/image\/","url":"https:\/\/www.beach-villa-sportfishing.com\/wp-content\/uploads\/2022\/01\/cropped-logo_neu_2.png","contentUrl":"https:\/\/www.beach-villa-sportfishing.com\/wp-content\/uploads\/2022\/01\/cropped-logo_neu_2.png","width":1000,"height":519,"caption":"Beach Villa Sportfishing"},"image":{"@id":"https:\/\/www.beach-villa-sportfishing.com\/#\/schema\/logo\/image\/"}}]}},"_links":{"self":[{"href":"https:\/\/www.beach-villa-sportfishing.com\/index.php\/wp-json\/wp\/v2\/pages\/1719"}],"collection":[{"href":"https:\/\/www.beach-villa-sportfishing.com\/index.php\/wp-json\/wp\/v2\/pages"}],"about":[{"href":"https:\/\/www.beach-villa-sportfishing.com\/index.php\/wp-json\/wp\/v2\/types\/page"}],"author":[{"embeddable":true,"href":"https:\/\/www.beach-villa-sportfishing.com\/index.php\/wp-json\/wp\/v2\/users\/1"}],"replies":[{"embeddable":true,"href":"https:\/\/www.beach-villa-sportfishing.com\/index.php\/wp-json\/wp\/v2\/comments?post=1719"}],"version-history":[{"count":64,"href":"https:\/\/www.beach-villa-sportfishing.com\/index.php\/wp-json\/wp\/v2\/pages\/1719\/revisions"}],"predecessor-version":[{"id":2985,"href":"https:\/\/www.beach-villa-sportfishing.com\/index.php\/wp-json\/wp\/v2\/pages\/1719\/revisions\/2985"}],"wp:attachment":[{"href":"https:\/\/www.beach-villa-sportfishing.com\/index.php\/wp-json\/wp\/v2\/media?parent=1719"}],"curies":[{"name":"wp","href":"https:\/\/api.w.org\/{rel}","templated":true}]}}